{"id":8869,"date":"2025-02-28T09:50:01","date_gmt":"2025-02-28T09:50:01","guid":{"rendered":"https:\/\/eu4dual.education\/?page_id=8869"},"modified":"2025-02-28T12:21:34","modified_gmt":"2025-02-28T12:21:34","slug":"lighthouse-4-interdisciplinary-social-sciences","status":"publish","type":"page","link":"https:\/\/eu4dual.education\/pl\/research\/lighthouse-4-interdisciplinary-social-sciences\/","title":{"rendered":"Lighthouse 4: Interdisciplinary social sciences"},"content":{"rendered":"<div data-elementor-type=\"page\" data-elementor-id=\"8869\" class=\"elementor elementor-8869\" data-elementor-post-type=\"page\">\n\t\t\t\t<div class=\"elementor-element elementor-element-a32a143 e-con-full e-flex e-con e-parent\" data-id=\"a32a143\" data-element_type=\"container\">\n\t\t<div class=\"elementor-element elementor-element-2181fd65 e-con-full e-flex e-con e-child\" data-id=\"2181fd65\" data-element_type=\"container\">\n\t\t<div class=\"elementor-element elementor-element-3ee29192 e-con-full e-flex e-con e-child\" data-id=\"3ee29192\" data-element_type=\"container\">\n\t\t\t\t<div class=\"elementor-element elementor-element-7ab627f elementor-widget elementor-widget-breadcrumbs\" data-id=\"7ab627f\" data-element_type=\"widget\" data-widget_type=\"breadcrumbs.default\">\n\t\t\t\t<div class=\"elementor-widget-container\">\n\t\t\t\t\t<p id=\"breadcrumbs\"><span><span><a href=\"https:\/\/eu4dual.education\/pl\/\">Strona g\u0142\u00f3wna<\/a><\/span><\/span><\/p>\t\t\t\t<\/div>\n\t\t\t\t<\/div>\n\t\t<div class=\"elementor-element elementor-element-530fdcd1 e-con-full e-flex e-con e-child\" data-id=\"530fdcd1\" data-element_type=\"container\">\n\t\t\t\t<div class=\"elementor-element elementor-element-63f518c2 elementor-widget__width-initial elementor-widget elementor-widget-heading\" data-id=\"63f518c2\" data-element_type=\"widget\" data-widget_type=\"heading.default\">\n\t\t\t\t<div class=\"elementor-widget-container\">\n\t\t\t\t\t<div class=\"elementor-heading-title elementor-size-default\">Lighthouse research initiative 4:<\/div>\t\t\t\t<\/div>\n\t\t\t\t<\/div>\n\t\t\t\t<div class=\"elementor-element elementor-element-1b7dc67c elementor-widget__width-initial elementor-widget elementor-widget-heading\" data-id=\"1b7dc67c\" data-element_type=\"widget\" data-widget_type=\"heading.default\">\n\t\t\t\t<div class=\"elementor-widget-container\">\n\t\t\t\t\t<h1 class=\"elementor-heading-title elementor-size-default\">Interdisciplinarity in social sciences: A European way of life<\/h1>\t\t\t\t<\/div>\n\t\t\t\t<\/div>\n\t\t\t\t<\/div>\n\t\t\t\t<\/div>\n\t\t\t\t<div class=\"elementor-element elementor-element-1342d9d5 elementor-widget__width-initial elementor-widget elementor-widget-text-editor\" data-id=\"1342d9d5\" data-element_type=\"widget\" data-widget_type=\"text-editor.default\">\n\t\t\t\t<div class=\"elementor-widget-container\">\n\t\t\t\t\t\t\t\t\tThis initiative champions collaboration across disciplines to solve complex problems. By combining insights from health, social justice, technology, and workforce development, it helps build a more inclusive and sustainable Europe.<br\/>By bringing together diverse fields and perspectives, this initiative supports progress in areas critical to Europe\u2019s future, such as green innovation, health, and social equity.\t\t\t\t\t\t\t\t<\/div>\n\t\t\t\t<\/div>\n\t\t\t\t<\/div>\n\t\t\t\t<\/div>\n\t\t<div class=\"elementor-element elementor-element-787f5f83 e-con-full e-flex e-con e-parent\" data-id=\"787f5f83\" data-element_type=\"container\">\n\t\t\t\t<div class=\"elementor-element elementor-element-643be3c1 elementor-widget-tablet__width-inherit elementor-widget__width-inherit elementor-widget elementor-widget-image\" data-id=\"643be3c1\" data-element_type=\"widget\" data-widget_type=\"image.default\">\n\t\t\t\t<div class=\"elementor-widget-container\">\n\t\t\t\t\t\t\t\t\t\t\t\t\t\t\t<img fetchpriority=\"high\" decoding=\"async\" width=\"1440\" height=\"85\" src=\"https:\/\/eu4dual.education\/wp-content\/uploads\/2025\/02\/c487b382554eff4e849f3470447f3ae3.svg\" class=\"attachment-full size-full wp-image-8880\" alt=\"\" data-no-translation=\"\" \/>\t\t\t\t\t\t\t\t\t\t\t\t\t\t\t<\/div>\n\t\t\t\t<\/div>\n\t\t<div class=\"elementor-element elementor-element-226856cd e-con-full e-flex e-con e-child\" data-id=\"226856cd\" data-element_type=\"container\" data-settings=\"{&quot;background_background&quot;:&quot;classic&quot;}\">\n\t\t<div class=\"elementor-element elementor-element-4bf6eb6 e-con-full e-flex e-con e-child\" data-id=\"4bf6eb6\" data-element_type=\"container\">\n\t\t<div class=\"elementor-element elementor-element-3c185e0f e-con-full e-flex e-con e-child\" data-id=\"3c185e0f\" data-element_type=\"container\">\n\t\t<div class=\"elementor-element elementor-element-2669dcb3 e-con-full e-flex e-con e-child\" data-id=\"2669dcb3\" data-element_type=\"container\">\n\t\t\t\t<div class=\"elementor-element elementor-element-1d819d56 elementor-widget elementor-widget-image\" data-id=\"1d819d56\" data-element_type=\"widget\" data-widget_type=\"image.default\">\n\t\t\t\t<div class=\"elementor-widget-container\">\n\t\t\t\t\t\t\t\t\t\t\t\t\t\t\t<img decoding=\"async\" width=\"64\" height=\"65\" src=\"https:\/\/eu4dual.education\/wp-content\/uploads\/2025\/02\/26428efb6161f8947b71e548820d6dde.png\" class=\"attachment-full size-full wp-image-8881\" alt=\"\" data-no-translation=\"\" \/>\t\t\t\t\t\t\t\t\t\t\t\t\t\t\t<\/div>\n\t\t\t\t<\/div>\n\t\t\t\t<div class=\"elementor-element elementor-element-37c1251f elementor-widget__width-initial elementor-widget elementor-widget-heading\" data-id=\"37c1251f\" data-element_type=\"widget\" data-widget_type=\"heading.default\">\n\t\t\t\t<div class=\"elementor-widget-container\">\n\t\t\t\t\t<h2 class=\"elementor-heading-title elementor-size-default\">Workforce development and education<\/h2>\t\t\t\t<\/div>\n\t\t\t\t<\/div>\n\t\t\t\t<\/div>\n\t\t\t\t<div class=\"elementor-element elementor-element-7d508417 elementor-widget__width-initial elementor-widget elementor-widget-text-editor\" data-id=\"7d508417\" data-element_type=\"widget\" data-widget_type=\"text-editor.default\">\n\t\t\t\t<div class=\"elementor-widget-container\">\n\t\t\t\t\t\t\t\t\tPreparing people for the future through skills training and lifelong learning.\t\t\t\t\t\t\t\t<\/div>\n\t\t\t\t<\/div>\n\t\t\t\t<\/div>\n\t\t<div class=\"elementor-element elementor-element-ace7c13 e-con-full e-flex e-con e-child\" data-id=\"ace7c13\" data-element_type=\"container\">\n\t\t<div class=\"elementor-element elementor-element-55453a3c e-con-full e-flex e-con e-child\" data-id=\"55453a3c\" data-element_type=\"container\">\n\t\t\t\t<div class=\"elementor-element elementor-element-658b695c elementor-widget elementor-widget-image\" data-id=\"658b695c\" data-element_type=\"widget\" data-widget_type=\"image.default\">\n\t\t\t\t<div class=\"elementor-widget-container\">\n\t\t\t\t\t\t\t\t\t\t\t\t\t\t\t<img decoding=\"async\" width=\"64\" height=\"65\" src=\"https:\/\/eu4dual.education\/wp-content\/uploads\/2025\/02\/6f28447522dd3a6dd25e246b8013fb13.png\" class=\"attachment-full size-full wp-image-8882\" alt=\"\" data-no-translation=\"\" \/>\t\t\t\t\t\t\t\t\t\t\t\t\t\t\t<\/div>\n\t\t\t\t<\/div>\n\t\t\t\t<div class=\"elementor-element elementor-element-3a73d2cd elementor-widget__width-initial elementor-widget elementor-widget-heading\" data-id=\"3a73d2cd\" data-element_type=\"widget\" data-widget_type=\"heading.default\">\n\t\t\t\t<div class=\"elementor-widget-container\">\n\t\t\t\t\t<h2 class=\"elementor-heading-title elementor-size-default\">Technology and future skills<\/h2>\t\t\t\t<\/div>\n\t\t\t\t<\/div>\n\t\t\t\t<\/div>\n\t\t\t\t<div class=\"elementor-element elementor-element-65e0738f elementor-widget__width-initial elementor-widget elementor-widget-text-editor\" data-id=\"65e0738f\" data-element_type=\"widget\" data-widget_type=\"text-editor.default\">\n\t\t\t\t<div class=\"elementor-widget-container\">\n\t\t\t\t\t\t\t\t\tUnderstanding how technology changes work and education, and ensuring people have the skills to keep up.\t\t\t\t\t\t\t\t<\/div>\n\t\t\t\t<\/div>\n\t\t\t\t<\/div>\n\t\t<div class=\"elementor-element elementor-element-358aba14 e-con-full e-flex e-con e-child\" data-id=\"358aba14\" data-element_type=\"container\">\n\t\t<div class=\"elementor-element elementor-element-4e60c3ff e-con-full e-flex e-con e-child\" data-id=\"4e60c3ff\" data-element_type=\"container\">\n\t\t\t\t<div class=\"elementor-element elementor-element-4525d2c2 elementor-widget elementor-widget-image\" data-id=\"4525d2c2\" data-element_type=\"widget\" data-widget_type=\"image.default\">\n\t\t\t\t<div class=\"elementor-widget-container\">\n\t\t\t\t\t\t\t\t\t\t\t\t\t\t\t<img loading=\"lazy\" decoding=\"async\" width=\"64\" height=\"65\" src=\"https:\/\/eu4dual.education\/wp-content\/uploads\/2025\/02\/17031309a67cea260dcfe2b51df1d3ad.png\" class=\"attachment-full size-full wp-image-8883\" alt=\"\" data-no-translation=\"\" \/>\t\t\t\t\t\t\t\t\t\t\t\t\t\t\t<\/div>\n\t\t\t\t<\/div>\n\t\t\t\t<div class=\"elementor-element elementor-element-2b925f5 elementor-widget__width-initial elementor-widget elementor-widget-heading\" data-id=\"2b925f5\" data-element_type=\"widget\" data-widget_type=\"heading.default\">\n\t\t\t\t<div class=\"elementor-widget-container\">\n\t\t\t\t\t<h2 class=\"elementor-heading-title elementor-size-default\">Social and ethical dimensions<\/h2>\t\t\t\t<\/div>\n\t\t\t\t<\/div>\n\t\t\t\t<\/div>\n\t\t\t\t<div class=\"elementor-element elementor-element-5987482c elementor-widget__width-initial elementor-widget elementor-widget-text-editor\" data-id=\"5987482c\" data-element_type=\"widget\" data-widget_type=\"text-editor.default\">\n\t\t\t\t<div class=\"elementor-widget-container\">\n\t\t\t\t\t\t\t\t\t<p>Exploring how innovation affects society and promoting the responsible use of technology.\u00a0<\/p>\t\t\t\t\t\t\t\t<\/div>\n\t\t\t\t<\/div>\n\t\t\t\t<\/div>\n\t\t\t\t<\/div>\n\t\t\t\t<\/div>\n\t\t\t\t<div class=\"elementor-element elementor-element-12503ecc elementor-widget-tablet__width-inherit elementor-widget__width-inherit elementor-widget elementor-widget-image\" data-id=\"12503ecc\" data-element_type=\"widget\" data-widget_type=\"image.default\">\n\t\t\t\t<div class=\"elementor-widget-container\">\n\t\t\t\t\t\t\t\t\t\t\t\t\t\t\t<img loading=\"lazy\" decoding=\"async\" width=\"1440\" height=\"85\" src=\"https:\/\/eu4dual.education\/wp-content\/uploads\/2025\/02\/939e1b525d573444ed6986a390d6182f.svg\" class=\"attachment-full size-full wp-image-8884\" alt=\"\" data-no-translation=\"\" \/>\t\t\t\t\t\t\t\t\t\t\t\t\t\t\t<\/div>\n\t\t\t\t<\/div>\n\t\t\t\t<\/div>\n\t\t<div class=\"elementor-element elementor-element-16ea1cb0 e-con-full e-flex e-con e-parent\" data-id=\"16ea1cb0\" data-element_type=\"container\" data-settings=\"{&quot;background_background&quot;:&quot;classic&quot;}\">\n\t\t<div class=\"elementor-element elementor-element-57208d94 e-con-full e-flex e-con e-child\" data-id=\"57208d94\" data-element_type=\"container\">\n\t\t\t\t<div class=\"elementor-element elementor-element-6bcc00c7 elementor-widget__width-initial elementor-widget elementor-widget-heading\" data-id=\"6bcc00c7\" data-element_type=\"widget\" data-widget_type=\"heading.default\">\n\t\t\t\t<div class=\"elementor-widget-container\">\n\t\t\t\t\t<h2 class=\"elementor-heading-title elementor-size-default\">Other Lighthouse research initiatives<\/h2>\t\t\t\t<\/div>\n\t\t\t\t<\/div>\n\t\t<div class=\"elementor-element elementor-element-8508fd3 e-con-full e-flex e-con e-child\" data-id=\"8508fd3\" data-element_type=\"container\">\n\t\t<div class=\"elementor-element elementor-element-60a2195 e-con-full e-flex e-con e-child\" data-id=\"60a2195\" data-element_type=\"container\">\n\t\t\t\t<div class=\"elementor-element elementor-element-651caf0 elementor-mobile-align-center elementor-widget-mobile__width-inherit elementor-widget elementor-widget-button\" data-id=\"651caf0\" data-element_type=\"widget\" data-widget_type=\"button.default\">\n\t\t\t\t<div class=\"elementor-widget-container\">\n\t\t\t\t\t\t\t\t\t<div class=\"elementor-button-wrapper\">\n\t\t\t\t\t<a class=\"elementor-button elementor-button-link elementor-size-sm\" href=\"https:\/\/eu4dual.education\/pl\/badania\/lighthouse-1-green-business-and-management\/\">\n\t\t\t\t\t\t<span class=\"elementor-button-content-wrapper\">\n\t\t\t\t\t\t\t\t\t<span class=\"elementor-button-text\">Ekologiczny biznes i zarz\u0105dzanie<\/span>\n\t\t\t\t\t<\/span>\n\t\t\t\t\t<\/a>\n\t\t\t\t<\/div>\n\t\t\t\t\t\t\t\t<\/div>\n\t\t\t\t<\/div>\n\t\t\t\t<\/div>\n\t\t<div class=\"elementor-element elementor-element-3697426 e-con-full e-flex e-con e-child\" data-id=\"3697426\" data-element_type=\"container\">\n\t\t\t\t<div class=\"elementor-element elementor-element-6208486 elementor-mobile-align-justify elementor-widget-mobile__width-inherit elementor-widget elementor-widget-button\" data-id=\"6208486\" data-element_type=\"widget\" data-widget_type=\"button.default\">\n\t\t\t\t<div class=\"elementor-widget-container\">\n\t\t\t\t\t\t\t\t\t<div class=\"elementor-button-wrapper\">\n\t\t\t\t\t<a class=\"elementor-button elementor-button-link elementor-size-sm\" href=\"https:\/\/eu4dual.education\/pl\/badania\/lighthouse-2-sustainable-and-digital-industry\/\">\n\t\t\t\t\t\t<span class=\"elementor-button-content-wrapper\">\n\t\t\t\t\t\t\t\t\t<span class=\"elementor-button-text\">Zr\u00f3wnowa\u017cony i cyfrowy przemys\u0142<\/span>\n\t\t\t\t\t<\/span>\n\t\t\t\t\t<\/a>\n\t\t\t\t<\/div>\n\t\t\t\t\t\t\t\t<\/div>\n\t\t\t\t<\/div>\n\t\t\t\t<\/div>\n\t\t<div class=\"elementor-element elementor-element-a94107f e-con-full e-flex e-con e-child\" data-id=\"a94107f\" data-element_type=\"container\">\n\t\t\t\t<div class=\"elementor-element elementor-element-c2cca41 elementor-mobile-align-justify elementor-widget-mobile__width-inherit elementor-widget elementor-widget-button\" data-id=\"c2cca41\" data-element_type=\"widget\" data-widget_type=\"button.default\">\n\t\t\t\t<div class=\"elementor-widget-container\">\n\t\t\t\t\t\t\t\t\t<div class=\"elementor-button-wrapper\">\n\t\t\t\t\t<a class=\"elementor-button elementor-button-link elementor-size-sm\" href=\"https:\/\/eu4dual.education\/pl\/badania\/lighthouse-3-health-and-welfare\/\">\n\t\t\t\t\t\t<span class=\"elementor-button-content-wrapper\">\n\t\t\t\t\t\t\t\t\t<span class=\"elementor-button-text\">Zdrowie i dobrostan<\/span>\n\t\t\t\t\t<\/span>\n\t\t\t\t\t<\/a>\n\t\t\t\t<\/div>\n\t\t\t\t\t\t\t\t<\/div>\n\t\t\t\t<\/div>\n\t\t\t\t<\/div>\n\t\t\t\t<\/div>\n\t\t\t\t<\/div>\n\t\t\t\t<\/div>\n\t\t\t\t<\/div>","protected":false},"excerpt":{"rendered":"<p>Lighthouse research initiative 4: Interdisciplinarity in social sciences: A European way of life This initiative champions collaboration across disciplines to solve complex problems. By combining insights from health, social justice, technology, and workforce development, it helps build a more inclusive and sustainable Europe.By bringing together diverse fields and perspectives, this initiative supports progress in areas [&hellip;]<\/p>\n","protected":false},"author":26,"featured_media":0,"parent":8458,"menu_order":0,"comment_status":"closed","ping_status":"closed","template":"elementor_header_footer","meta":{"footnotes":""},"best-practices":[],"class_list":["post-8869","page","type-page","status-publish","hentry"],"yoast_head":"<!-- This site is optimized with the Yoast SEO plugin v25.2 - https:\/\/yoast.com\/wordpress\/plugins\/seo\/ -->\n<title>Lighthouse 4: Interdisciplinary social sciences - EU4Dual<\/title>\n<meta name=\"robots\" content=\"index, follow, max-snippet:-1, max-image-preview:large, max-video-preview:-1\" \/>\n<link rel=\"canonical\" href=\"https:\/\/eu4dual.education\/pl\/badania\/lighthouse-4-interdisciplinary-social-sciences\/\" \/>\n<meta property=\"og:locale\" content=\"pl_PL\" \/>\n<meta property=\"og:type\" content=\"article\" \/>\n<meta property=\"og:title\" content=\"Lighthouse 4: Interdisciplinary social sciences - EU4Dual\" \/>\n<meta property=\"og:description\" content=\"Lighthouse research initiative 4: Interdisciplinarity in social sciences: A European way of life This initiative champions collaboration across disciplines to solve complex problems. By combining insights from health, social justice, technology, and workforce development, it helps build a more inclusive and sustainable Europe.By bringing together diverse fields and perspectives, this initiative supports progress in areas [&hellip;]\" \/>\n<meta property=\"og:url\" content=\"https:\/\/eu4dual.education\/pl\/badania\/lighthouse-4-interdisciplinary-social-sciences\/\" \/>\n<meta property=\"og:site_name\" content=\"EU4Dual\" \/>\n<meta property=\"article:publisher\" content=\"https:\/\/www.facebook.com\/knowledgeinno\/\" \/>\n<meta property=\"article:modified_time\" content=\"2025-02-28T12:21:34+00:00\" \/>\n<meta name=\"twitter:card\" content=\"summary_large_image\" \/>\n<meta name=\"twitter:site\" content=\"@kiceurope\" \/>\n<script type=\"application\/ld+json\" class=\"yoast-schema-graph\">{\"@context\":\"https:\/\/schema.org\",\"@graph\":[{\"@type\":\"WebPage\",\"@id\":\"https:\/\/eu4dual.education\/research\/lighthouse-4-interdisciplinary-social-sciences\/\",\"url\":\"https:\/\/eu4dual.education\/research\/lighthouse-4-interdisciplinary-social-sciences\/\",\"name\":\"Lighthouse 4: Interdisciplinary social sciences - EU4Dual\",\"isPartOf\":{\"@id\":\"https:\/\/eu4dual.education\/#website\"},\"primaryImageOfPage\":{\"@id\":\"https:\/\/eu4dual.education\/research\/lighthouse-4-interdisciplinary-social-sciences\/#primaryimage\"},\"image\":{\"@id\":\"https:\/\/eu4dual.education\/research\/lighthouse-4-interdisciplinary-social-sciences\/#primaryimage\"},\"thumbnailUrl\":\"https:\/\/eu4dual.education\/wp-content\/uploads\/2025\/02\/c487b382554eff4e849f3470447f3ae3.svg\",\"datePublished\":\"2025-02-28T09:50:01+00:00\",\"dateModified\":\"2025-02-28T12:21:34+00:00\",\"breadcrumb\":{\"@id\":\"https:\/\/eu4dual.education\/research\/lighthouse-4-interdisciplinary-social-sciences\/#breadcrumb\"},\"inLanguage\":\"pl-PL\",\"potentialAction\":[{\"@type\":\"ReadAction\",\"target\":[\"https:\/\/eu4dual.education\/research\/lighthouse-4-interdisciplinary-social-sciences\/\"]}]},{\"@type\":\"ImageObject\",\"inLanguage\":\"pl-PL\",\"@id\":\"https:\/\/eu4dual.education\/research\/lighthouse-4-interdisciplinary-social-sciences\/#primaryimage\",\"url\":\"https:\/\/eu4dual.education\/wp-content\/uploads\/2025\/02\/c487b382554eff4e849f3470447f3ae3.svg\",\"contentUrl\":\"https:\/\/eu4dual.education\/wp-content\/uploads\/2025\/02\/c487b382554eff4e849f3470447f3ae3.svg\"},{\"@type\":\"BreadcrumbList\",\"@id\":\"https:\/\/eu4dual.education\/research\/lighthouse-4-interdisciplinary-social-sciences\/#breadcrumb\",\"itemListElement\":[{\"@type\":\"ListItem\",\"position\":1,\"name\":\"Home\",\"item\":\"https:\/\/eu4dual.education\/\"},{\"@type\":\"ListItem\",\"position\":2,\"name\":\"Research\",\"item\":\"https:\/\/eu4dual.education\/research\/\"},{\"@type\":\"ListItem\",\"position\":3,\"name\":\"Lighthouse 4: Interdisciplinary social sciences\"}]},{\"@type\":\"WebSite\",\"@id\":\"https:\/\/eu4dual.education\/#website\",\"url\":\"https:\/\/eu4dual.education\/\",\"name\":\"EU4Dual\",\"description\":\"The European Dual Studies University\",\"publisher\":{\"@id\":\"https:\/\/eu4dual.education\/#organization\"},\"potentialAction\":[{\"@type\":\"SearchAction\",\"target\":{\"@type\":\"EntryPoint\",\"urlTemplate\":\"https:\/\/eu4dual.education\/?s={search_term_string}\"},\"query-input\":{\"@type\":\"PropertyValueSpecification\",\"valueRequired\":true,\"valueName\":\"search_term_string\"}}],\"inLanguage\":\"pl-PL\"},{\"@type\":\"Organization\",\"@id\":\"https:\/\/eu4dual.education\/#organization\",\"name\":\"EU4Dual\",\"url\":\"https:\/\/eu4dual.education\/\",\"logo\":{\"@type\":\"ImageObject\",\"inLanguage\":\"pl-PL\",\"@id\":\"https:\/\/eu4dual.education\/#\/schema\/logo\/image\/\",\"url\":\"https:\/\/eu4dual.education\/wp-content\/uploads\/2023\/08\/cropped-EU4Dual_Logo.png\",\"contentUrl\":\"https:\/\/eu4dual.education\/wp-content\/uploads\/2023\/08\/cropped-EU4Dual_Logo.png\",\"width\":352,\"height\":232,\"caption\":\"EU4Dual\"},\"image\":{\"@id\":\"https:\/\/eu4dual.education\/#\/schema\/logo\/image\/\"},\"sameAs\":[\"https:\/\/www.facebook.com\/knowledgeinno\/\",\"https:\/\/x.com\/kiceurope\"]}]}<\/script>\n<!-- \/ Yoast SEO plugin. -->","yoast_head_json":{"title":"Lighthouse 4: Interdisciplinary social sciences - EU4Dual","robots":{"index":"index","follow":"follow","max-snippet":"max-snippet:-1","max-image-preview":"max-image-preview:large","max-video-preview":"max-video-preview:-1"},"canonical":"https:\/\/eu4dual.education\/pl\/badania\/lighthouse-4-interdisciplinary-social-sciences\/","og_locale":"pl_PL","og_type":"article","og_title":"Lighthouse 4: Interdisciplinary social sciences - EU4Dual","og_description":"Lighthouse research initiative 4: Interdisciplinarity in social sciences: A European way of life This initiative champions collaboration across disciplines to solve complex problems. By combining insights from health, social justice, technology, and workforce development, it helps build a more inclusive and sustainable Europe.By bringing together diverse fields and perspectives, this initiative supports progress in areas [&hellip;]","og_url":"https:\/\/eu4dual.education\/pl\/badania\/lighthouse-4-interdisciplinary-social-sciences\/","og_site_name":"EU4Dual","article_publisher":"https:\/\/www.facebook.com\/knowledgeinno\/","article_modified_time":"2025-02-28T12:21:34+00:00","twitter_card":"summary_large_image","twitter_site":"@kiceurope","schema":{"@context":"https:\/\/schema.org","@graph":[{"@type":"WebPage","@id":"https:\/\/eu4dual.education\/research\/lighthouse-4-interdisciplinary-social-sciences\/","url":"https:\/\/eu4dual.education\/research\/lighthouse-4-interdisciplinary-social-sciences\/","name":"Lighthouse 4: Interdisciplinary social sciences - EU4Dual","isPartOf":{"@id":"https:\/\/eu4dual.education\/#website"},"primaryImageOfPage":{"@id":"https:\/\/eu4dual.education\/research\/lighthouse-4-interdisciplinary-social-sciences\/#primaryimage"},"image":{"@id":"https:\/\/eu4dual.education\/research\/lighthouse-4-interdisciplinary-social-sciences\/#primaryimage"},"thumbnailUrl":"https:\/\/eu4dual.education\/wp-content\/uploads\/2025\/02\/c487b382554eff4e849f3470447f3ae3.svg","datePublished":"2025-02-28T09:50:01+00:00","dateModified":"2025-02-28T12:21:34+00:00","breadcrumb":{"@id":"https:\/\/eu4dual.education\/research\/lighthouse-4-interdisciplinary-social-sciences\/#breadcrumb"},"inLanguage":"pl-PL","potentialAction":[{"@type":"ReadAction","target":["https:\/\/eu4dual.education\/research\/lighthouse-4-interdisciplinary-social-sciences\/"]}]},{"@type":"ImageObject","inLanguage":"pl-PL","@id":"https:\/\/eu4dual.education\/research\/lighthouse-4-interdisciplinary-social-sciences\/#primaryimage","url":"https:\/\/eu4dual.education\/wp-content\/uploads\/2025\/02\/c487b382554eff4e849f3470447f3ae3.svg","contentUrl":"https:\/\/eu4dual.education\/wp-content\/uploads\/2025\/02\/c487b382554eff4e849f3470447f3ae3.svg"},{"@type":"BreadcrumbList","@id":"https:\/\/eu4dual.education\/research\/lighthouse-4-interdisciplinary-social-sciences\/#breadcrumb","itemListElement":[{"@type":"ListItem","position":1,"name":"Home","item":"https:\/\/eu4dual.education\/"},{"@type":"ListItem","position":2,"name":"Research","item":"https:\/\/eu4dual.education\/research\/"},{"@type":"ListItem","position":3,"name":"Lighthouse 4: Interdisciplinary social sciences"}]},{"@type":"WebSite","@id":"https:\/\/eu4dual.education\/#website","url":"https:\/\/eu4dual.education\/","name":"EU4Dual","description":"Europejski Uniwersytet Studi\u00f3w Dualnych","publisher":{"@id":"https:\/\/eu4dual.education\/#organization"},"potentialAction":[{"@type":"SearchAction","target":{"@type":"EntryPoint","urlTemplate":"https:\/\/eu4dual.education\/?s={search_term_string}"},"query-input":{"@type":"PropertyValueSpecification","valueRequired":true,"valueName":"search_term_string"}}],"inLanguage":"pl-PL"},{"@type":"Organization","@id":"https:\/\/eu4dual.education\/#organization","name":"EU4Dual","url":"https:\/\/eu4dual.education\/","logo":{"@type":"ImageObject","inLanguage":"pl-PL","@id":"https:\/\/eu4dual.education\/#\/schema\/logo\/image\/","url":"https:\/\/eu4dual.education\/wp-content\/uploads\/2023\/08\/cropped-EU4Dual_Logo.png","contentUrl":"https:\/\/eu4dual.education\/wp-content\/uploads\/2023\/08\/cropped-EU4Dual_Logo.png","width":352,"height":232,"caption":"EU4Dual"},"image":{"@id":"https:\/\/eu4dual.education\/#\/schema\/logo\/image\/"},"sameAs":["https:\/\/www.facebook.com\/knowledgeinno\/","https:\/\/x.com\/kiceurope"]}]}},"meta_box":[],"_links":{"self":[{"href":"https:\/\/eu4dual.education\/pl\/wp-json\/wp\/v2\/pages\/8869","targetHints":{"allow":["GET"]}}],"collection":[{"href":"https:\/\/eu4dual.education\/pl\/wp-json\/wp\/v2\/pages"}],"about":[{"href":"https:\/\/eu4dual.education\/pl\/wp-json\/wp\/v2\/types\/page"}],"author":[{"embeddable":true,"href":"https:\/\/eu4dual.education\/pl\/wp-json\/wp\/v2\/users\/26"}],"replies":[{"embeddable":true,"href":"https:\/\/eu4dual.education\/pl\/wp-json\/wp\/v2\/comments?post=8869"}],"version-history":[{"count":12,"href":"https:\/\/eu4dual.education\/pl\/wp-json\/wp\/v2\/pages\/8869\/revisions"}],"predecessor-version":[{"id":9942,"href":"https:\/\/eu4dual.education\/pl\/wp-json\/wp\/v2\/pages\/8869\/revisions\/9942"}],"up":[{"embeddable":true,"href":"https:\/\/eu4dual.education\/pl\/wp-json\/wp\/v2\/pages\/8458"}],"wp:attachment":[{"href":"https:\/\/eu4dual.education\/pl\/wp-json\/wp\/v2\/media?parent=8869"}],"wp:term":[{"taxonomy":"best-practices","embeddable":true,"href":"https:\/\/eu4dual.education\/pl\/wp-json\/wp\/v2\/best-practices?post=8869"}],"curies":[{"name":"wp","href":"https:\/\/api.w.org\/{rel}","templated":true}]}}