{"id":8462,"date":"2025-02-25T15:14:11","date_gmt":"2025-02-25T15:14:11","guid":{"rendered":"https:\/\/eu4dual.education\/?page_id=8462"},"modified":"2025-11-13T12:57:32","modified_gmt":"2025-11-13T12:57:32","slug":"rosnac","status":"publish","type":"page","link":"https:\/\/eu4dual.education\/pl\/grow\/","title":{"rendered":"Rosn\u0105\u0107"},"content":{"rendered":"<div data-elementor-type=\"page\" data-elementor-id=\"8462\" class=\"elementor elementor-8462\" data-elementor-post-type=\"page\">\n\t\t\t\t<div class=\"elementor-element elementor-element-405e3e0e e-con-full e-flex e-con e-parent\" data-id=\"405e3e0e\" data-element_type=\"container\">\n\t\t<div class=\"elementor-element elementor-element-795bc2b6 e-con-full e-flex e-con e-child\" data-id=\"795bc2b6\" data-element_type=\"container\">\n\t\t<div class=\"elementor-element elementor-element-51f21e57 e-con-full e-flex e-con e-child\" data-id=\"51f21e57\" data-element_type=\"container\">\n\t\t<div class=\"elementor-element elementor-element-7f55947a e-con-full e-flex e-con e-child\" data-id=\"7f55947a\" data-element_type=\"container\">\n\t\t\t\t<div class=\"elementor-element elementor-element-0d4e29e elementor-align-left elementor-widget elementor-widget-breadcrumbs\" data-id=\"0d4e29e\" data-element_type=\"widget\" data-widget_type=\"breadcrumbs.default\">\n\t\t\t\t<div class=\"elementor-widget-container\">\n\t\t\t\t\t<p id=\"breadcrumbs\"><span><span><a href=\"https:\/\/eu4dual.education\/pl\/\">Strona g\u0142\u00f3wna<\/a><\/span><\/span><\/p>\t\t\t\t<\/div>\n\t\t\t\t<\/div>\n\t\t\t\t<div class=\"elementor-element elementor-element-5f581392 elementor-widget__width-initial elementor-widget elementor-widget-heading\" data-id=\"5f581392\" data-element_type=\"widget\" data-widget_type=\"heading.default\">\n\t\t\t\t<div class=\"elementor-widget-container\">\n\t\t\t\t\t<h1 class=\"elementor-heading-title elementor-size-default\">Rozwijaj swoj\u0105 karier\u0119 z nami<\/h1>\t\t\t\t<\/div>\n\t\t\t\t<\/div>\n\t\t\t\t<\/div>\n\t\t\t\t<div class=\"elementor-element elementor-element-7db370a7 elementor-widget__width-initial elementor-widget elementor-widget-text-editor\" data-id=\"7db370a7\" data-element_type=\"widget\" data-widget_type=\"text-editor.default\">\n\t\t\t\t<div class=\"elementor-widget-container\">\n\t\t\t\t\t\t\t\t\t<p>W EU4Dual, wspieramy kadr\u0119 akademick\u0105 i pracownik\u00f3w uniwersytetu w rozwoju ich karier poprzez wsp\u00f3\u0142prac\u0119, do\u015bwiadczenie mi\u0119dzynarodowe i rozw\u00f3j umiej\u0119tno\u015bci.<\/p><p>Uzyskaj dost\u0119p do zasob\u00f3w, zabezpiecz finansowanie i poszerz sw\u00f3j wp\u0142yw poprzez prac\u0119 interdyscyplinarn\u0105. Zdob\u0105d\u017a mi\u0119dzynarodowe do\u015bwiadczenie, dziel si\u0119 najlepszymi praktykami i buduj globaln\u0105 sie\u0107 kontakt\u00f3w.<\/p><p>Rozwijaj swoje umiej\u0119tno\u015bci projektowania innowacyjnych program\u00f3w nauczania, wzmacniaj praktyki oparte na dowodach i nawi\u0105zuj kontakty z innymi.<\/p>\t\t\t\t\t\t\t\t<\/div>\n\t\t\t\t<\/div>\n\t\t\t\t<\/div>\n\t\t<div class=\"elementor-element elementor-element-3298bcbd e-con-full e-flex e-con e-child\" data-id=\"3298bcbd\" data-element_type=\"container\">\n\t\t<div class=\"elementor-element elementor-element-70b9680 e-con-full e-flex e-con e-child\" data-id=\"70b9680\" data-element_type=\"container\">\n\t\t<div class=\"elementor-element elementor-element-2f5daf7f e-con-full e-flex e-con e-child\" data-id=\"2f5daf7f\" data-element_type=\"container\">\n\t\t\t\t<div class=\"elementor-element elementor-element-1b98e11f elementor-widget elementor-widget-image\" data-id=\"1b98e11f\" data-element_type=\"widget\" data-widget_type=\"image.default\">\n\t\t\t\t<div class=\"elementor-widget-container\">\n\t\t\t\t\t\t\t\t\t\t\t\t\t\t\t<img decoding=\"async\" width=\"64\" height=\"65\" src=\"https:\/\/eu4dual.education\/wp-content\/uploads\/2025\/02\/f0f1575e2c54bbe6acc5d2725c4028d2.png\" class=\"attachment-full size-full wp-image-8291\" alt=\"\" data-no-translation=\"\" \/>\t\t\t\t\t\t\t\t\t\t\t\t\t\t\t<\/div>\n\t\t\t\t<\/div>\n\t\t\t\t<div class=\"elementor-element elementor-element-1bd5df08 elementor-widget__width-initial elementor-widget elementor-widget-heading\" data-id=\"1bd5df08\" data-element_type=\"widget\" data-widget_type=\"heading.default\">\n\t\t\t\t<div class=\"elementor-widget-container\">\n\t\t\t\t\t<h2 class=\"elementor-heading-title elementor-size-default\">Rozw\u00f3j zawodowy<\/h2>\t\t\t\t<\/div>\n\t\t\t\t<\/div>\n\t\t\t\t<\/div>\n\t\t\t\t<div class=\"elementor-element elementor-element-30f8b2f5 elementor-widget__width-initial elementor-widget elementor-widget-text-editor\" data-id=\"30f8b2f5\" data-element_type=\"widget\" data-widget_type=\"text-editor.default\">\n\t\t\t\t<div class=\"elementor-widget-container\">\n\t\t\t\t\t\t\t\t\t<p>Do\u0142\u0105cz do kurs\u00f3w i warsztat\u00f3w w naszej <strong>tygodnie dla personelu<\/strong>.<\/p><p>Poznaj wsp\u00f3\u0142pracownik\u00f3w, udoskonal swoje umiej\u0119tno\u015bci i b\u0105d\u017a na bie\u017c\u0105co z trendami bran\u017cowymi.<\/p>\t\t\t\t\t\t\t\t<\/div>\n\t\t\t\t<\/div>\n\t\t<div class=\"elementor-element elementor-element-9d17b0e e-con-full e-flex e-con e-child\" data-id=\"9d17b0e\" data-element_type=\"container\">\n\t\t\t\t<div class=\"elementor-element elementor-element-47e56e3 elementor-tablet-align-justify elementor-widget-tablet__width-inherit elementor-widget elementor-widget-button\" data-id=\"47e56e3\" data-element_type=\"widget\" data-widget_type=\"button.default\">\n\t\t\t\t<div class=\"elementor-widget-container\">\n\t\t\t\t\t\t\t\t\t<div class=\"elementor-button-wrapper\">\n\t\t\t\t\t<a class=\"elementor-button elementor-button-link elementor-size-sm\" href=\"https:\/\/eu4dual.education\/pl\/rosnac\/staff-weeks\/\">\n\t\t\t\t\t\t<span class=\"elementor-button-content-wrapper\">\n\t\t\t\t\t\t\t\t\t<span class=\"elementor-button-text\">Wi\u0119cej o naszych tygodniach pracowniczych<\/span>\n\t\t\t\t\t<\/span>\n\t\t\t\t\t<\/a>\n\t\t\t\t<\/div>\n\t\t\t\t\t\t\t\t<\/div>\n\t\t\t\t<\/div>\n\t\t\t\t<\/div>\n\t\t\t\t<\/div>\n\t\t<div class=\"elementor-element elementor-element-20a1a804 e-con-full e-flex e-con e-child\" data-id=\"20a1a804\" data-element_type=\"container\">\n\t\t<div class=\"elementor-element elementor-element-39eb5e4c e-con-full e-flex e-con e-child\" data-id=\"39eb5e4c\" data-element_type=\"container\">\n\t\t\t\t<div class=\"elementor-element elementor-element-73291a6a elementor-widget elementor-widget-image\" data-id=\"73291a6a\" data-element_type=\"widget\" data-widget_type=\"image.default\">\n\t\t\t\t<div class=\"elementor-widget-container\">\n\t\t\t\t\t\t\t\t\t\t\t\t\t\t\t<img decoding=\"async\" width=\"64\" height=\"65\" src=\"https:\/\/eu4dual.education\/wp-content\/uploads\/2025\/02\/22989e8c090d7fedd6faba10d9248b38.png\" class=\"attachment-full size-full wp-image-8292\" alt=\"\" data-no-translation=\"\" \/>\t\t\t\t\t\t\t\t\t\t\t\t\t\t\t<\/div>\n\t\t\t\t<\/div>\n\t\t\t\t<div class=\"elementor-element elementor-element-75aaabaf elementor-widget__width-initial elementor-widget elementor-widget-heading\" data-id=\"75aaabaf\" data-element_type=\"widget\" data-widget_type=\"heading.default\">\n\t\t\t\t<div class=\"elementor-widget-container\">\n\t\t\t\t\t<h2 class=\"elementor-heading-title elementor-size-default\">Mobilno\u015b\u0107 mi\u0119dzynarodowa<\/h2>\t\t\t\t<\/div>\n\t\t\t\t<\/div>\n\t\t\t\t<\/div>\n\t\t\t\t<div class=\"elementor-element elementor-element-6127f4ee elementor-widget__width-initial elementor-widget elementor-widget-text-editor\" data-id=\"6127f4ee\" data-element_type=\"widget\" data-widget_type=\"text-editor.default\">\n\t\t\t\t<div class=\"elementor-widget-container\">\n\t\t\t\t\t\t\t\t\t<p>We\u017a udzia\u0142 w <strong>mobilno\u015b\u0107 pracownik\u00f3w<\/strong>. Do\u0142\u0105cz do program\u00f3w wymiany, tymczasowych oddelegowa\u0144 i wsp\u00f3lnych projekt\u00f3w za granic\u0105.<\/p><p>Zyskaj nowe perspektywy i przyczyniaj si\u0119 do globalnych inicjatyw.<\/p>\t\t\t\t\t\t\t\t<\/div>\n\t\t\t\t<\/div>\n\t\t<div class=\"elementor-element elementor-element-4aefdd2 e-con-full e-flex e-con e-child\" data-id=\"4aefdd2\" data-element_type=\"container\">\n\t\t\t\t<div class=\"elementor-element elementor-element-2b1363b elementor-tablet-align-justify elementor-widget-tablet__width-inherit elementor-widget elementor-widget-button\" data-id=\"2b1363b\" data-element_type=\"widget\" data-widget_type=\"button.default\">\n\t\t\t\t<div class=\"elementor-widget-container\">\n\t\t\t\t\t\t\t\t\t<div class=\"elementor-button-wrapper\">\n\t\t\t\t\t<a class=\"elementor-button elementor-button-link elementor-size-sm\" href=\"https:\/\/eu4dual.education\/pl\/rosnac\/staff-mobility\/\">\n\t\t\t\t\t\t<span class=\"elementor-button-content-wrapper\">\n\t\t\t\t\t\t\t\t\t<span class=\"elementor-button-text\">Wi\u0119cej o mobilno\u015bci pracownik\u00f3w<\/span>\n\t\t\t\t\t<\/span>\n\t\t\t\t\t<\/a>\n\t\t\t\t<\/div>\n\t\t\t\t\t\t\t\t<\/div>\n\t\t\t\t<\/div>\n\t\t\t\t<\/div>\n\t\t\t\t<\/div>\n\t\t<div class=\"elementor-element elementor-element-2c8cb24a e-con-full e-flex e-con e-child\" data-id=\"2c8cb24a\" data-element_type=\"container\">\n\t\t<div class=\"elementor-element elementor-element-655ae7c1 e-con-full e-flex e-con e-child\" data-id=\"655ae7c1\" data-element_type=\"container\">\n\t\t\t\t<div class=\"elementor-element elementor-element-6a1c461a elementor-widget elementor-widget-image\" data-id=\"6a1c461a\" data-element_type=\"widget\" data-widget_type=\"image.default\">\n\t\t\t\t<div class=\"elementor-widget-container\">\n\t\t\t\t\t\t\t\t\t\t\t\t\t\t\t<img decoding=\"async\" width=\"64\" height=\"65\" src=\"https:\/\/eu4dual.education\/wp-content\/uploads\/2025\/02\/73cb8e999763d10cb928e39b3f11e4e5.png\" class=\"attachment-full size-full wp-image-8293\" alt=\"\" data-no-translation=\"\" \/>\t\t\t\t\t\t\t\t\t\t\t\t\t\t\t<\/div>\n\t\t\t\t<\/div>\n\t\t\t\t<div class=\"elementor-element elementor-element-23666674 elementor-widget__width-initial elementor-widget elementor-widget-heading\" data-id=\"23666674\" data-element_type=\"widget\" data-widget_type=\"heading.default\">\n\t\t\t\t<div class=\"elementor-widget-container\">\n\t\t\t\t\t<h2 class=\"elementor-heading-title elementor-size-default\">Korzy\u015bci<\/h2>\t\t\t\t<\/div>\n\t\t\t\t<\/div>\n\t\t\t\t<\/div>\n\t\t\t\t<div class=\"elementor-element elementor-element-124de34 elementor-widget__width-initial elementor-widget elementor-widget-text-editor\" data-id=\"124de34\" data-element_type=\"widget\" data-widget_type=\"text-editor.default\">\n\t\t\t\t<div class=\"elementor-widget-container\">\n\t\t\t\t\t\t\t\t\t<p><b>Rozw\u00f3j umiej\u0119tno\u015bci<\/b>Uzyskaj dost\u0119p do kurs\u00f3w, aby rozwija\u0107 lub zdobywa\u0107 nowe umiej\u0119tno\u015bci.<\/p><p><b>Tworzenie sieci<\/b>Nawi\u0105\u017c kontakt z profesjonalistami na ca\u0142ym \u015bwiecie.<\/p><p><b>Globalne do\u015bwiadczenie<\/b>Pracuj w zr\u00f3\u017cnicowanych \u015brodowiskach i dostosowuj si\u0119 do r\u00f3\u017cnych kultur.<\/p>\t\t\t\t\t\t\t\t<\/div>\n\t\t\t\t<\/div>\n\t\t\t\t<\/div>\n\t\t\t\t<\/div>\n\t\t\t\t<\/div>\n\t\t\t\t<\/div>\n\t\t<div class=\"elementor-element elementor-element-2c91ed8e e-con-full e-flex e-con e-parent\" data-id=\"2c91ed8e\" data-element_type=\"container\">\n\t\t\t\t<div class=\"elementor-element elementor-element-5fafe2e9 elementor-widget-tablet__width-inherit elementor-widget__width-inherit elementor-widget elementor-widget-image\" data-id=\"5fafe2e9\" data-element_type=\"widget\" data-widget_type=\"image.default\">\n\t\t\t\t<div class=\"elementor-widget-container\">\n\t\t\t\t\t\t\t\t\t\t\t\t\t\t\t<img loading=\"lazy\" decoding=\"async\" width=\"1440\" height=\"85\" src=\"https:\/\/eu4dual.education\/wp-content\/uploads\/2025\/02\/17a55c710c9d49c936f1844efb1e7a16.svg\" class=\"attachment-full size-full wp-image-8294\" alt=\"\" data-no-translation=\"\" \/>\t\t\t\t\t\t\t\t\t\t\t\t\t\t\t<\/div>\n\t\t\t\t<\/div>\n\t\t<div class=\"elementor-element elementor-element-253ddf10 e-con-full e-flex e-con e-child\" data-id=\"253ddf10\" data-element_type=\"container\" data-settings=\"{&quot;background_background&quot;:&quot;classic&quot;}\">\n\t\t\t\t<div class=\"elementor-element elementor-element-6ec8c69f elementor-widget__width-initial elementor-widget elementor-widget-text-editor\" data-id=\"6ec8c69f\" data-element_type=\"widget\" data-widget_type=\"text-editor.default\">\n\t\t\t\t<div class=\"elementor-widget-container\">\n\t\t\t\t\t\t\t\t\t<p>Rozwijaj karier\u0119 z EU4Dual i wywieraj trwa\u0142y wp\u0142yw!<\/p>\t\t\t\t\t\t\t\t<\/div>\n\t\t\t\t<\/div>\n\t\t\t\t<\/div>\n\t\t\t\t<\/div>\n\t\t\t\t<\/div>","protected":false},"excerpt":{"rendered":"<p>Grow your career with us At EU4Dual, we support faculty and university staff in advancing their careers through collaboration, international experience, and skill development. Access resources, secure funding, and expand your impact through interdisciplinary work. Gain international experience, share best practices, and build a global network. Enhance your skills to design innovative curricula, strengthen evidence-based [&hellip;]<\/p>\n","protected":false},"author":26,"featured_media":0,"parent":0,"menu_order":0,"comment_status":"closed","ping_status":"closed","template":"elementor_header_footer","meta":{"footnotes":""},"best-practices":[],"class_list":["post-8462","page","type-page","status-publish","hentry"],"yoast_head":"<!-- This site is optimized with the Yoast SEO plugin v25.2 - https:\/\/yoast.com\/wordpress\/plugins\/seo\/ -->\n<title>Grow - EU4Dual<\/title>\n<meta name=\"robots\" content=\"index, follow, max-snippet:-1, max-image-preview:large, max-video-preview:-1\" \/>\n<link rel=\"canonical\" href=\"https:\/\/eu4dual.education\/pl\/rosnac\/\" \/>\n<meta property=\"og:locale\" content=\"pl_PL\" \/>\n<meta property=\"og:type\" content=\"article\" \/>\n<meta property=\"og:title\" content=\"Grow - EU4Dual\" \/>\n<meta property=\"og:description\" content=\"Grow your career with us At EU4Dual, we support faculty and university staff in advancing their careers through collaboration, international experience, and skill development. Access resources, secure funding, and expand your impact through interdisciplinary work. Gain international experience, share best practices, and build a global network. Enhance your skills to design innovative curricula, strengthen evidence-based [&hellip;]\" \/>\n<meta property=\"og:url\" content=\"https:\/\/eu4dual.education\/pl\/rosnac\/\" \/>\n<meta property=\"og:site_name\" content=\"EU4Dual\" \/>\n<meta property=\"article:publisher\" content=\"https:\/\/www.facebook.com\/knowledgeinno\/\" \/>\n<meta property=\"article:modified_time\" content=\"2025-11-13T12:57:32+00:00\" \/>\n<meta property=\"og:image\" content=\"https:\/\/eu4dual.education\/wp-content\/uploads\/2025\/02\/f0f1575e2c54bbe6acc5d2725c4028d2.png\" \/>\n\t<meta property=\"og:image:width\" content=\"64\" \/>\n\t<meta property=\"og:image:height\" content=\"65\" \/>\n\t<meta property=\"og:image:type\" content=\"image\/png\" \/>\n<meta name=\"twitter:card\" content=\"summary_large_image\" \/>\n<meta name=\"twitter:site\" content=\"@kiceurope\" \/>\n<script type=\"application\/ld+json\" class=\"yoast-schema-graph\">{\"@context\":\"https:\/\/schema.org\",\"@graph\":[{\"@type\":\"WebPage\",\"@id\":\"https:\/\/eu4dual.education\/grow\/\",\"url\":\"https:\/\/eu4dual.education\/grow\/\",\"name\":\"Grow - EU4Dual\",\"isPartOf\":{\"@id\":\"https:\/\/eu4dual.education\/#website\"},\"primaryImageOfPage\":{\"@id\":\"https:\/\/eu4dual.education\/grow\/#primaryimage\"},\"image\":{\"@id\":\"https:\/\/eu4dual.education\/grow\/#primaryimage\"},\"thumbnailUrl\":\"https:\/\/eu4dual.education\/wp-content\/uploads\/2025\/02\/f0f1575e2c54bbe6acc5d2725c4028d2.png\",\"datePublished\":\"2025-02-25T15:14:11+00:00\",\"dateModified\":\"2025-11-13T12:57:32+00:00\",\"breadcrumb\":{\"@id\":\"https:\/\/eu4dual.education\/grow\/#breadcrumb\"},\"inLanguage\":\"pl-PL\",\"potentialAction\":[{\"@type\":\"ReadAction\",\"target\":[\"https:\/\/eu4dual.education\/grow\/\"]}]},{\"@type\":\"ImageObject\",\"inLanguage\":\"pl-PL\",\"@id\":\"https:\/\/eu4dual.education\/grow\/#primaryimage\",\"url\":\"https:\/\/eu4dual.education\/wp-content\/uploads\/2025\/02\/f0f1575e2c54bbe6acc5d2725c4028d2.png\",\"contentUrl\":\"https:\/\/eu4dual.education\/wp-content\/uploads\/2025\/02\/f0f1575e2c54bbe6acc5d2725c4028d2.png\"},{\"@type\":\"BreadcrumbList\",\"@id\":\"https:\/\/eu4dual.education\/grow\/#breadcrumb\",\"itemListElement\":[{\"@type\":\"ListItem\",\"position\":1,\"name\":\"Home\",\"item\":\"https:\/\/eu4dual.education\/\"},{\"@type\":\"ListItem\",\"position\":2,\"name\":\"Grow\"}]},{\"@type\":\"WebSite\",\"@id\":\"https:\/\/eu4dual.education\/#website\",\"url\":\"https:\/\/eu4dual.education\/\",\"name\":\"EU4Dual\",\"description\":\"The European Dual Studies University\",\"publisher\":{\"@id\":\"https:\/\/eu4dual.education\/#organization\"},\"potentialAction\":[{\"@type\":\"SearchAction\",\"target\":{\"@type\":\"EntryPoint\",\"urlTemplate\":\"https:\/\/eu4dual.education\/?s={search_term_string}\"},\"query-input\":{\"@type\":\"PropertyValueSpecification\",\"valueRequired\":true,\"valueName\":\"search_term_string\"}}],\"inLanguage\":\"pl-PL\"},{\"@type\":\"Organization\",\"@id\":\"https:\/\/eu4dual.education\/#organization\",\"name\":\"EU4Dual\",\"url\":\"https:\/\/eu4dual.education\/\",\"logo\":{\"@type\":\"ImageObject\",\"inLanguage\":\"pl-PL\",\"@id\":\"https:\/\/eu4dual.education\/#\/schema\/logo\/image\/\",\"url\":\"https:\/\/eu4dual.education\/wp-content\/uploads\/2023\/08\/cropped-EU4Dual_Logo.png\",\"contentUrl\":\"https:\/\/eu4dual.education\/wp-content\/uploads\/2023\/08\/cropped-EU4Dual_Logo.png\",\"width\":352,\"height\":232,\"caption\":\"EU4Dual\"},\"image\":{\"@id\":\"https:\/\/eu4dual.education\/#\/schema\/logo\/image\/\"},\"sameAs\":[\"https:\/\/www.facebook.com\/knowledgeinno\/\",\"https:\/\/x.com\/kiceurope\"]}]}<\/script>\n<!-- \/ Yoast SEO plugin. -->","yoast_head_json":{"title":"Rosn\u0105\u0107 - EU4Dual","robots":{"index":"index","follow":"follow","max-snippet":"max-snippet:-1","max-image-preview":"max-image-preview:large","max-video-preview":"max-video-preview:-1"},"canonical":"https:\/\/eu4dual.education\/pl\/rosnac\/","og_locale":"pl_PL","og_type":"article","og_title":"Grow - EU4Dual","og_description":"Grow your career with us At EU4Dual, we support faculty and university staff in advancing their careers through collaboration, international experience, and skill development. Access resources, secure funding, and expand your impact through interdisciplinary work. Gain international experience, share best practices, and build a global network. Enhance your skills to design innovative curricula, strengthen evidence-based [&hellip;]","og_url":"https:\/\/eu4dual.education\/pl\/rosnac\/","og_site_name":"EU4Dual","article_publisher":"https:\/\/www.facebook.com\/knowledgeinno\/","article_modified_time":"2025-11-13T12:57:32+00:00","og_image":[{"width":64,"height":65,"url":"https:\/\/eu4dual.education\/wp-content\/uploads\/2025\/02\/f0f1575e2c54bbe6acc5d2725c4028d2.png","type":"image\/png"}],"twitter_card":"summary_large_image","twitter_site":"@kiceurope","schema":{"@context":"https:\/\/schema.org","@graph":[{"@type":"WebPage","@id":"https:\/\/eu4dual.education\/grow\/","url":"https:\/\/eu4dual.education\/grow\/","name":"Rosn\u0105\u0107 - EU4Dual","isPartOf":{"@id":"https:\/\/eu4dual.education\/#website"},"primaryImageOfPage":{"@id":"https:\/\/eu4dual.education\/grow\/#primaryimage"},"image":{"@id":"https:\/\/eu4dual.education\/grow\/#primaryimage"},"thumbnailUrl":"https:\/\/eu4dual.education\/wp-content\/uploads\/2025\/02\/f0f1575e2c54bbe6acc5d2725c4028d2.png","datePublished":"2025-02-25T15:14:11+00:00","dateModified":"2025-11-13T12:57:32+00:00","breadcrumb":{"@id":"https:\/\/eu4dual.education\/grow\/#breadcrumb"},"inLanguage":"pl-PL","potentialAction":[{"@type":"ReadAction","target":["https:\/\/eu4dual.education\/grow\/"]}]},{"@type":"ImageObject","inLanguage":"pl-PL","@id":"https:\/\/eu4dual.education\/grow\/#primaryimage","url":"https:\/\/eu4dual.education\/wp-content\/uploads\/2025\/02\/f0f1575e2c54bbe6acc5d2725c4028d2.png","contentUrl":"https:\/\/eu4dual.education\/wp-content\/uploads\/2025\/02\/f0f1575e2c54bbe6acc5d2725c4028d2.png"},{"@type":"BreadcrumbList","@id":"https:\/\/eu4dual.education\/grow\/#breadcrumb","itemListElement":[{"@type":"ListItem","position":1,"name":"Home","item":"https:\/\/eu4dual.education\/"},{"@type":"ListItem","position":2,"name":"Grow"}]},{"@type":"WebSite","@id":"https:\/\/eu4dual.education\/#website","url":"https:\/\/eu4dual.education\/","name":"EU4Dual","description":"Europejski Uniwersytet Studi\u00f3w Dualnych","publisher":{"@id":"https:\/\/eu4dual.education\/#organization"},"potentialAction":[{"@type":"SearchAction","target":{"@type":"EntryPoint","urlTemplate":"https:\/\/eu4dual.education\/?s={search_term_string}"},"query-input":{"@type":"PropertyValueSpecification","valueRequired":true,"valueName":"search_term_string"}}],"inLanguage":"pl-PL"},{"@type":"Organization","@id":"https:\/\/eu4dual.education\/#organization","name":"EU4Dual","url":"https:\/\/eu4dual.education\/","logo":{"@type":"ImageObject","inLanguage":"pl-PL","@id":"https:\/\/eu4dual.education\/#\/schema\/logo\/image\/","url":"https:\/\/eu4dual.education\/wp-content\/uploads\/2023\/08\/cropped-EU4Dual_Logo.png","contentUrl":"https:\/\/eu4dual.education\/wp-content\/uploads\/2023\/08\/cropped-EU4Dual_Logo.png","width":352,"height":232,"caption":"EU4Dual"},"image":{"@id":"https:\/\/eu4dual.education\/#\/schema\/logo\/image\/"},"sameAs":["https:\/\/www.facebook.com\/knowledgeinno\/","https:\/\/x.com\/kiceurope"]}]}},"meta_box":[],"_links":{"self":[{"href":"https:\/\/eu4dual.education\/pl\/wp-json\/wp\/v2\/pages\/8462","targetHints":{"allow":["GET"]}}],"collection":[{"href":"https:\/\/eu4dual.education\/pl\/wp-json\/wp\/v2\/pages"}],"about":[{"href":"https:\/\/eu4dual.education\/pl\/wp-json\/wp\/v2\/types\/page"}],"author":[{"embeddable":true,"href":"https:\/\/eu4dual.education\/pl\/wp-json\/wp\/v2\/users\/26"}],"replies":[{"embeddable":true,"href":"https:\/\/eu4dual.education\/pl\/wp-json\/wp\/v2\/comments?post=8462"}],"version-history":[{"count":35,"href":"https:\/\/eu4dual.education\/pl\/wp-json\/wp\/v2\/pages\/8462\/revisions"}],"predecessor-version":[{"id":13361,"href":"https:\/\/eu4dual.education\/pl\/wp-json\/wp\/v2\/pages\/8462\/revisions\/13361"}],"wp:attachment":[{"href":"https:\/\/eu4dual.education\/pl\/wp-json\/wp\/v2\/media?parent=8462"}],"wp:term":[{"taxonomy":"best-practices","embeddable":true,"href":"https:\/\/eu4dual.education\/pl\/wp-json\/wp\/v2\/best-practices?post=8462"}],"curies":[{"name":"wp","href":"https:\/\/api.w.org\/{rel}","templated":true}]}}