{"id":8462,"date":"2025-02-25T15:14:11","date_gmt":"2025-02-25T15:14:11","guid":{"rendered":"https:\/\/eu4dual.education\/?page_id=8462"},"modified":"2025-11-13T12:57:32","modified_gmt":"2025-11-13T12:57:32","slug":"no","status":"publish","type":"page","link":"https:\/\/eu4dual.education\/hu\/grow\/","title":{"rendered":"N\u0151"},"content":{"rendered":"<div data-elementor-type=\"page\" data-elementor-id=\"8462\" class=\"elementor elementor-8462\" data-elementor-post-type=\"page\">\n\t\t\t\t<div class=\"elementor-element elementor-element-405e3e0e e-con-full e-flex e-con e-parent\" data-id=\"405e3e0e\" data-element_type=\"container\">\n\t\t<div class=\"elementor-element elementor-element-795bc2b6 e-con-full e-flex e-con e-child\" data-id=\"795bc2b6\" data-element_type=\"container\">\n\t\t<div class=\"elementor-element elementor-element-51f21e57 e-con-full e-flex e-con e-child\" data-id=\"51f21e57\" data-element_type=\"container\">\n\t\t<div class=\"elementor-element elementor-element-7f55947a e-con-full e-flex e-con e-child\" data-id=\"7f55947a\" data-element_type=\"container\">\n\t\t\t\t<div class=\"elementor-element elementor-element-0d4e29e elementor-align-left elementor-widget elementor-widget-breadcrumbs\" data-id=\"0d4e29e\" data-element_type=\"widget\" data-widget_type=\"breadcrumbs.default\">\n\t\t\t\t<div class=\"elementor-widget-container\">\n\t\t\t\t\t<p id=\"breadcrumbs\"><span><span><a href=\"https:\/\/eu4dual.education\/hu\/\">Home<\/a><\/span><\/span><\/p>\t\t\t\t<\/div>\n\t\t\t\t<\/div>\n\t\t\t\t<div class=\"elementor-element elementor-element-5f581392 elementor-widget__width-initial elementor-widget elementor-widget-heading\" data-id=\"5f581392\" data-element_type=\"widget\" data-widget_type=\"heading.default\">\n\t\t\t\t<div class=\"elementor-widget-container\">\n\t\t\t\t\t<h1 class=\"elementor-heading-title elementor-size-default\">Lend\u00edtsd fel karriered n\u00e1lunk<\/h1>\t\t\t\t<\/div>\n\t\t\t\t<\/div>\n\t\t\t\t<\/div>\n\t\t\t\t<div class=\"elementor-element elementor-element-7db370a7 elementor-widget__width-initial elementor-widget elementor-widget-text-editor\" data-id=\"7db370a7\" data-element_type=\"widget\" data-widget_type=\"text-editor.default\">\n\t\t\t\t<div class=\"elementor-widget-container\">\n\t\t\t\t\t\t\t\t\t<p>A EU4Dual-n\u00e1l t\u00e1mogatjuk a kar \u00e9s az egyetemi munkat\u00e1rsak karrierfejleszt\u00e9s\u00e9t egy\u00fcttm\u0171k\u00f6d\u00e9s, nemzetk\u00f6zi tapasztalatok \u00e9s k\u00e9szs\u00e9gfejleszt\u00e9s r\u00e9v\u00e9n.<\/p><p>El\u00e9rhet\u0151 er\u0151forr\u00e1sok, biztos\u00edtott finansz\u00edroz\u00e1s \u00e9s kib\u0151v\u00edtett hat\u00e1s a multidiszciplin\u00e1ris munka r\u00e9v\u00e9n. Nemzetk\u00f6zi tapasztalatszerz\u00e9s, legjobb gyakorlatok megoszt\u00e1sa \u00e9s glob\u00e1lis h\u00e1l\u00f3zat \u00e9p\u00edt\u00e9se.<\/p><p>Fejlessze k\u00e9szs\u00e9geit innovat\u00edv tantervek tervez\u00e9s\u00e9ben, az evidenciaalap\u00fa gyakorlatok er\u0151s\u00edt\u00e9s\u00e9ben \u00e9s a kort\u00e1rsakkal val\u00f3 kapcsolattart\u00e1sban.<\/p>\t\t\t\t\t\t\t\t<\/div>\n\t\t\t\t<\/div>\n\t\t\t\t<\/div>\n\t\t<div class=\"elementor-element elementor-element-3298bcbd e-con-full e-flex e-con e-child\" data-id=\"3298bcbd\" data-element_type=\"container\">\n\t\t<div class=\"elementor-element elementor-element-70b9680 e-con-full e-flex e-con e-child\" data-id=\"70b9680\" data-element_type=\"container\">\n\t\t<div class=\"elementor-element elementor-element-2f5daf7f e-con-full e-flex e-con e-child\" data-id=\"2f5daf7f\" data-element_type=\"container\">\n\t\t\t\t<div class=\"elementor-element elementor-element-1b98e11f elementor-widget elementor-widget-image\" data-id=\"1b98e11f\" data-element_type=\"widget\" data-widget_type=\"image.default\">\n\t\t\t\t<div class=\"elementor-widget-container\">\n\t\t\t\t\t\t\t\t\t\t\t\t\t\t\t<img decoding=\"async\" width=\"64\" height=\"65\" src=\"https:\/\/eu4dual.education\/wp-content\/uploads\/2025\/02\/f0f1575e2c54bbe6acc5d2725c4028d2.png\" class=\"attachment-full size-full wp-image-8291\" alt=\"\" data-no-translation=\"\" \/>\t\t\t\t\t\t\t\t\t\t\t\t\t\t\t<\/div>\n\t\t\t\t<\/div>\n\t\t\t\t<div class=\"elementor-element elementor-element-1bd5df08 elementor-widget__width-initial elementor-widget elementor-widget-heading\" data-id=\"1bd5df08\" data-element_type=\"widget\" data-widget_type=\"heading.default\">\n\t\t\t\t<div class=\"elementor-widget-container\">\n\t\t\t\t\t<h2 class=\"elementor-heading-title elementor-size-default\">Szakmai fejl\u0151d\u00e9s<\/h2>\t\t\t\t<\/div>\n\t\t\t\t<\/div>\n\t\t\t\t<\/div>\n\t\t\t\t<div class=\"elementor-element elementor-element-30f8b2f5 elementor-widget__width-initial elementor-widget elementor-widget-text-editor\" data-id=\"30f8b2f5\" data-element_type=\"widget\" data-widget_type=\"text-editor.default\">\n\t\t\t\t<div class=\"elementor-widget-container\">\n\t\t\t\t\t\t\t\t\t<p>Csatlakozz kurzusainkhoz \u00e9s workshopjainkhoz a mi <strong>munkah\u00e9tek<\/strong>.<\/p><p>Tal\u00e1lkozzon t\u00e1rsaival, finom\u00edtsa k\u00e9szs\u00e9geit, \u00e9s maradjon naprak\u00e9sz az ipar\u00e1gi trendekkel.<\/p>\t\t\t\t\t\t\t\t<\/div>\n\t\t\t\t<\/div>\n\t\t<div class=\"elementor-element elementor-element-9d17b0e e-con-full e-flex e-con e-child\" data-id=\"9d17b0e\" data-element_type=\"container\">\n\t\t\t\t<div class=\"elementor-element elementor-element-47e56e3 elementor-tablet-align-justify elementor-widget-tablet__width-inherit elementor-widget elementor-widget-button\" data-id=\"47e56e3\" data-element_type=\"widget\" data-widget_type=\"button.default\">\n\t\t\t\t<div class=\"elementor-widget-container\">\n\t\t\t\t\t\t\t\t\t<div class=\"elementor-button-wrapper\">\n\t\t\t\t\t<a class=\"elementor-button elementor-button-link elementor-size-sm\" href=\"https:\/\/eu4dual.education\/hu\/no\/staff-weeks\/\">\n\t\t\t\t\t\t<span class=\"elementor-button-content-wrapper\">\n\t\t\t\t\t\t\t\t\t<span class=\"elementor-button-text\">Tov\u00e1bbi inform\u00e1ci\u00f3k a st\u00e1bhet\u00fcnkr\u0151l<\/span>\n\t\t\t\t\t<\/span>\n\t\t\t\t\t<\/a>\n\t\t\t\t<\/div>\n\t\t\t\t\t\t\t\t<\/div>\n\t\t\t\t<\/div>\n\t\t\t\t<\/div>\n\t\t\t\t<\/div>\n\t\t<div class=\"elementor-element elementor-element-20a1a804 e-con-full e-flex e-con e-child\" data-id=\"20a1a804\" data-element_type=\"container\">\n\t\t<div class=\"elementor-element elementor-element-39eb5e4c e-con-full e-flex e-con e-child\" data-id=\"39eb5e4c\" data-element_type=\"container\">\n\t\t\t\t<div class=\"elementor-element elementor-element-73291a6a elementor-widget elementor-widget-image\" data-id=\"73291a6a\" data-element_type=\"widget\" data-widget_type=\"image.default\">\n\t\t\t\t<div class=\"elementor-widget-container\">\n\t\t\t\t\t\t\t\t\t\t\t\t\t\t\t<img decoding=\"async\" width=\"64\" height=\"65\" src=\"https:\/\/eu4dual.education\/wp-content\/uploads\/2025\/02\/22989e8c090d7fedd6faba10d9248b38.png\" class=\"attachment-full size-full wp-image-8292\" alt=\"\" data-no-translation=\"\" \/>\t\t\t\t\t\t\t\t\t\t\t\t\t\t\t<\/div>\n\t\t\t\t<\/div>\n\t\t\t\t<div class=\"elementor-element elementor-element-75aaabaf elementor-widget__width-initial elementor-widget elementor-widget-heading\" data-id=\"75aaabaf\" data-element_type=\"widget\" data-widget_type=\"heading.default\">\n\t\t\t\t<div class=\"elementor-widget-container\">\n\t\t\t\t\t<h2 class=\"elementor-heading-title elementor-size-default\">Nemzetk\u00f6zi mobilit\u00e1s<\/h2>\t\t\t\t<\/div>\n\t\t\t\t<\/div>\n\t\t\t\t<\/div>\n\t\t\t\t<div class=\"elementor-element elementor-element-6127f4ee elementor-widget__width-initial elementor-widget elementor-widget-text-editor\" data-id=\"6127f4ee\" data-element_type=\"widget\" data-widget_type=\"text-editor.default\">\n\t\t\t\t<div class=\"elementor-widget-container\">\n\t\t\t\t\t\t\t\t\t<p>R\u00e9szt vesz <strong>Szem\u00e9lyzeti mobilit\u00e1s<\/strong>. Csatlakozz csereprogramokhoz, ideiglenes megb\u00edz\u00e1sokhoz \u00e9s k\u00fclf\u00f6ldi egy\u00fcttm\u0171k\u00f6d\u00e9si projektekhez.<\/p><p>Szerezz \u00faj n\u00e9z\u0151pontokat \u00e9s j\u00e1rulj hozz\u00e1 glob\u00e1lis kezdem\u00e9nyez\u00e9sekhez.<\/p>\t\t\t\t\t\t\t\t<\/div>\n\t\t\t\t<\/div>\n\t\t<div class=\"elementor-element elementor-element-4aefdd2 e-con-full e-flex e-con e-child\" data-id=\"4aefdd2\" data-element_type=\"container\">\n\t\t\t\t<div class=\"elementor-element elementor-element-2b1363b elementor-tablet-align-justify elementor-widget-tablet__width-inherit elementor-widget elementor-widget-button\" data-id=\"2b1363b\" data-element_type=\"widget\" data-widget_type=\"button.default\">\n\t\t\t\t<div class=\"elementor-widget-container\">\n\t\t\t\t\t\t\t\t\t<div class=\"elementor-button-wrapper\">\n\t\t\t\t\t<a class=\"elementor-button elementor-button-link elementor-size-sm\" href=\"https:\/\/eu4dual.education\/hu\/no\/staff-mobility\/\">\n\t\t\t\t\t\t<span class=\"elementor-button-content-wrapper\">\n\t\t\t\t\t\t\t\t\t<span class=\"elementor-button-text\">Tov\u00e1bbi inform\u00e1ci\u00f3 a munkat\u00e1rsak mobilit\u00e1s\u00e1r\u00f3l<\/span>\n\t\t\t\t\t<\/span>\n\t\t\t\t\t<\/a>\n\t\t\t\t<\/div>\n\t\t\t\t\t\t\t\t<\/div>\n\t\t\t\t<\/div>\n\t\t\t\t<\/div>\n\t\t\t\t<\/div>\n\t\t<div class=\"elementor-element elementor-element-2c8cb24a e-con-full e-flex e-con e-child\" data-id=\"2c8cb24a\" data-element_type=\"container\">\n\t\t<div class=\"elementor-element elementor-element-655ae7c1 e-con-full e-flex e-con e-child\" data-id=\"655ae7c1\" data-element_type=\"container\">\n\t\t\t\t<div class=\"elementor-element elementor-element-6a1c461a elementor-widget elementor-widget-image\" data-id=\"6a1c461a\" data-element_type=\"widget\" data-widget_type=\"image.default\">\n\t\t\t\t<div class=\"elementor-widget-container\">\n\t\t\t\t\t\t\t\t\t\t\t\t\t\t\t<img decoding=\"async\" width=\"64\" height=\"65\" src=\"https:\/\/eu4dual.education\/wp-content\/uploads\/2025\/02\/73cb8e999763d10cb928e39b3f11e4e5.png\" class=\"attachment-full size-full wp-image-8293\" alt=\"\" data-no-translation=\"\" \/>\t\t\t\t\t\t\t\t\t\t\t\t\t\t\t<\/div>\n\t\t\t\t<\/div>\n\t\t\t\t<div class=\"elementor-element elementor-element-23666674 elementor-widget__width-initial elementor-widget elementor-widget-heading\" data-id=\"23666674\" data-element_type=\"widget\" data-widget_type=\"heading.default\">\n\t\t\t\t<div class=\"elementor-widget-container\">\n\t\t\t\t\t<h2 class=\"elementor-heading-title elementor-size-default\">El\u0151ny\u00f6k<\/h2>\t\t\t\t<\/div>\n\t\t\t\t<\/div>\n\t\t\t\t<\/div>\n\t\t\t\t<div class=\"elementor-element elementor-element-124de34 elementor-widget__width-initial elementor-widget elementor-widget-text-editor\" data-id=\"124de34\" data-element_type=\"widget\" data-widget_type=\"text-editor.default\">\n\t\t\t\t<div class=\"elementor-widget-container\">\n\t\t\t\t\t\t\t\t\t<p><b>K\u00e9szs\u00e9gfejleszt\u00e9s<\/b>: El\u00e9rhet\u0151 kurzusok a k\u00e9szs\u00e9gek fejleszt\u00e9s\u00e9re vagy \u00faj k\u00e9szs\u00e9gek elsaj\u00e1t\u00edt\u00e1s\u00e1ra.<\/p><p><b>H\u00e1l\u00f3zat\u00e9p\u00edt\u00e9s<\/b>Csatlakozzon szakemberekhez vil\u00e1gszerte.<\/p><p><b>Glob\u00e1lis tapasztalat<\/b>Dolgozzon v\u00e1ltozatos k\u00f6rnyezetben \u00e9s alkalmazkodjon k\u00fcl\u00f6nb\u00f6z\u0151 kult\u00far\u00e1khoz.<\/p>\t\t\t\t\t\t\t\t<\/div>\n\t\t\t\t<\/div>\n\t\t\t\t<\/div>\n\t\t\t\t<\/div>\n\t\t\t\t<\/div>\n\t\t\t\t<\/div>\n\t\t<div class=\"elementor-element elementor-element-2c91ed8e e-con-full e-flex e-con e-parent\" data-id=\"2c91ed8e\" data-element_type=\"container\">\n\t\t\t\t<div class=\"elementor-element elementor-element-5fafe2e9 elementor-widget-tablet__width-inherit elementor-widget__width-inherit elementor-widget elementor-widget-image\" data-id=\"5fafe2e9\" data-element_type=\"widget\" data-widget_type=\"image.default\">\n\t\t\t\t<div class=\"elementor-widget-container\">\n\t\t\t\t\t\t\t\t\t\t\t\t\t\t\t<img loading=\"lazy\" decoding=\"async\" width=\"1440\" height=\"85\" src=\"https:\/\/eu4dual.education\/wp-content\/uploads\/2025\/02\/17a55c710c9d49c936f1844efb1e7a16.svg\" class=\"attachment-full size-full wp-image-8294\" alt=\"\" data-no-translation=\"\" \/>\t\t\t\t\t\t\t\t\t\t\t\t\t\t\t<\/div>\n\t\t\t\t<\/div>\n\t\t<div class=\"elementor-element elementor-element-253ddf10 e-con-full e-flex e-con e-child\" data-id=\"253ddf10\" data-element_type=\"container\" data-settings=\"{&quot;background_background&quot;:&quot;classic&quot;}\">\n\t\t\t\t<div class=\"elementor-element elementor-element-6ec8c69f elementor-widget__width-initial elementor-widget elementor-widget-text-editor\" data-id=\"6ec8c69f\" data-element_type=\"widget\" data-widget_type=\"text-editor.default\">\n\t\t\t\t<div class=\"elementor-widget-container\">\n\t\t\t\t\t\t\t\t\t<p>Fejlessze karrierj\u00e9t a EU4Dual seg\u00edts\u00e9g\u00e9vel, \u00e9s gyakoroljon maradand\u00f3 hat\u00e1st!<\/p>\t\t\t\t\t\t\t\t<\/div>\n\t\t\t\t<\/div>\n\t\t\t\t<\/div>\n\t\t\t\t<\/div>\n\t\t\t\t<\/div>","protected":false},"excerpt":{"rendered":"<p>Grow your career with us At EU4Dual, we support faculty and university staff in advancing their careers through collaboration, international experience, and skill development. Access resources, secure funding, and expand your impact through interdisciplinary work. Gain international experience, share best practices, and build a global network. Enhance your skills to design innovative curricula, strengthen evidence-based [&hellip;]<\/p>\n","protected":false},"author":26,"featured_media":0,"parent":0,"menu_order":0,"comment_status":"closed","ping_status":"closed","template":"elementor_header_footer","meta":{"footnotes":""},"best-practices":[],"class_list":["post-8462","page","type-page","status-publish","hentry"],"yoast_head":"<!-- This site is optimized with the Yoast SEO plugin v25.2 - https:\/\/yoast.com\/wordpress\/plugins\/seo\/ -->\n<title>Grow - EU4Dual<\/title>\n<meta name=\"robots\" content=\"index, follow, max-snippet:-1, max-image-preview:large, max-video-preview:-1\" \/>\n<link rel=\"canonical\" href=\"https:\/\/eu4dual.education\/hu\/no\/\" \/>\n<meta property=\"og:locale\" content=\"hu_HU\" \/>\n<meta property=\"og:type\" content=\"article\" \/>\n<meta property=\"og:title\" content=\"Grow - EU4Dual\" \/>\n<meta property=\"og:description\" content=\"Grow your career with us At EU4Dual, we support faculty and university staff in advancing their careers through collaboration, international experience, and skill development. Access resources, secure funding, and expand your impact through interdisciplinary work. Gain international experience, share best practices, and build a global network. Enhance your skills to design innovative curricula, strengthen evidence-based [&hellip;]\" \/>\n<meta property=\"og:url\" content=\"https:\/\/eu4dual.education\/hu\/no\/\" \/>\n<meta property=\"og:site_name\" content=\"EU4Dual\" \/>\n<meta property=\"article:publisher\" content=\"https:\/\/www.facebook.com\/knowledgeinno\/\" \/>\n<meta property=\"article:modified_time\" content=\"2025-11-13T12:57:32+00:00\" \/>\n<meta property=\"og:image\" content=\"https:\/\/eu4dual.education\/wp-content\/uploads\/2025\/02\/f0f1575e2c54bbe6acc5d2725c4028d2.png\" \/>\n\t<meta property=\"og:image:width\" content=\"64\" \/>\n\t<meta property=\"og:image:height\" content=\"65\" \/>\n\t<meta property=\"og:image:type\" content=\"image\/png\" \/>\n<meta name=\"twitter:card\" content=\"summary_large_image\" \/>\n<meta name=\"twitter:site\" content=\"@kiceurope\" \/>\n<script type=\"application\/ld+json\" class=\"yoast-schema-graph\">{\"@context\":\"https:\/\/schema.org\",\"@graph\":[{\"@type\":\"WebPage\",\"@id\":\"https:\/\/eu4dual.education\/grow\/\",\"url\":\"https:\/\/eu4dual.education\/grow\/\",\"name\":\"Grow - EU4Dual\",\"isPartOf\":{\"@id\":\"https:\/\/eu4dual.education\/#website\"},\"primaryImageOfPage\":{\"@id\":\"https:\/\/eu4dual.education\/grow\/#primaryimage\"},\"image\":{\"@id\":\"https:\/\/eu4dual.education\/grow\/#primaryimage\"},\"thumbnailUrl\":\"https:\/\/eu4dual.education\/wp-content\/uploads\/2025\/02\/f0f1575e2c54bbe6acc5d2725c4028d2.png\",\"datePublished\":\"2025-02-25T15:14:11+00:00\",\"dateModified\":\"2025-11-13T12:57:32+00:00\",\"breadcrumb\":{\"@id\":\"https:\/\/eu4dual.education\/grow\/#breadcrumb\"},\"inLanguage\":\"hu\",\"potentialAction\":[{\"@type\":\"ReadAction\",\"target\":[\"https:\/\/eu4dual.education\/grow\/\"]}]},{\"@type\":\"ImageObject\",\"inLanguage\":\"hu\",\"@id\":\"https:\/\/eu4dual.education\/grow\/#primaryimage\",\"url\":\"https:\/\/eu4dual.education\/wp-content\/uploads\/2025\/02\/f0f1575e2c54bbe6acc5d2725c4028d2.png\",\"contentUrl\":\"https:\/\/eu4dual.education\/wp-content\/uploads\/2025\/02\/f0f1575e2c54bbe6acc5d2725c4028d2.png\"},{\"@type\":\"BreadcrumbList\",\"@id\":\"https:\/\/eu4dual.education\/grow\/#breadcrumb\",\"itemListElement\":[{\"@type\":\"ListItem\",\"position\":1,\"name\":\"Home\",\"item\":\"https:\/\/eu4dual.education\/\"},{\"@type\":\"ListItem\",\"position\":2,\"name\":\"Grow\"}]},{\"@type\":\"WebSite\",\"@id\":\"https:\/\/eu4dual.education\/#website\",\"url\":\"https:\/\/eu4dual.education\/\",\"name\":\"EU4Dual\",\"description\":\"The European Dual Studies University\",\"publisher\":{\"@id\":\"https:\/\/eu4dual.education\/#organization\"},\"potentialAction\":[{\"@type\":\"SearchAction\",\"target\":{\"@type\":\"EntryPoint\",\"urlTemplate\":\"https:\/\/eu4dual.education\/?s={search_term_string}\"},\"query-input\":{\"@type\":\"PropertyValueSpecification\",\"valueRequired\":true,\"valueName\":\"search_term_string\"}}],\"inLanguage\":\"hu\"},{\"@type\":\"Organization\",\"@id\":\"https:\/\/eu4dual.education\/#organization\",\"name\":\"EU4Dual\",\"url\":\"https:\/\/eu4dual.education\/\",\"logo\":{\"@type\":\"ImageObject\",\"inLanguage\":\"hu\",\"@id\":\"https:\/\/eu4dual.education\/#\/schema\/logo\/image\/\",\"url\":\"https:\/\/eu4dual.education\/wp-content\/uploads\/2023\/08\/cropped-EU4Dual_Logo.png\",\"contentUrl\":\"https:\/\/eu4dual.education\/wp-content\/uploads\/2023\/08\/cropped-EU4Dual_Logo.png\",\"width\":352,\"height\":232,\"caption\":\"EU4Dual\"},\"image\":{\"@id\":\"https:\/\/eu4dual.education\/#\/schema\/logo\/image\/\"},\"sameAs\":[\"https:\/\/www.facebook.com\/knowledgeinno\/\",\"https:\/\/x.com\/kiceurope\"]}]}<\/script>\n<!-- \/ Yoast SEO plugin. -->","yoast_head_json":{"title":"N\u00f6vekszik - EU4Dual","robots":{"index":"index","follow":"follow","max-snippet":"max-snippet:-1","max-image-preview":"max-image-preview:large","max-video-preview":"max-video-preview:-1"},"canonical":"https:\/\/eu4dual.education\/hu\/no\/","og_locale":"hu_HU","og_type":"article","og_title":"Grow - EU4Dual","og_description":"Grow your career with us At EU4Dual, we support faculty and university staff in advancing their careers through collaboration, international experience, and skill development. Access resources, secure funding, and expand your impact through interdisciplinary work. Gain international experience, share best practices, and build a global network. Enhance your skills to design innovative curricula, strengthen evidence-based [&hellip;]","og_url":"https:\/\/eu4dual.education\/hu\/no\/","og_site_name":"EU4Dual","article_publisher":"https:\/\/www.facebook.com\/knowledgeinno\/","article_modified_time":"2025-11-13T12:57:32+00:00","og_image":[{"width":64,"height":65,"url":"https:\/\/eu4dual.education\/wp-content\/uploads\/2025\/02\/f0f1575e2c54bbe6acc5d2725c4028d2.png","type":"image\/png"}],"twitter_card":"summary_large_image","twitter_site":"@kiceurope","schema":{"@context":"https:\/\/schema.org","@graph":[{"@type":"WebPage","@id":"https:\/\/eu4dual.education\/grow\/","url":"https:\/\/eu4dual.education\/grow\/","name":"N\u00f6vekszik - EU4Dual","isPartOf":{"@id":"https:\/\/eu4dual.education\/#website"},"primaryImageOfPage":{"@id":"https:\/\/eu4dual.education\/grow\/#primaryimage"},"image":{"@id":"https:\/\/eu4dual.education\/grow\/#primaryimage"},"thumbnailUrl":"https:\/\/eu4dual.education\/wp-content\/uploads\/2025\/02\/f0f1575e2c54bbe6acc5d2725c4028d2.png","datePublished":"2025-02-25T15:14:11+00:00","dateModified":"2025-11-13T12:57:32+00:00","breadcrumb":{"@id":"https:\/\/eu4dual.education\/grow\/#breadcrumb"},"inLanguage":"hu","potentialAction":[{"@type":"ReadAction","target":["https:\/\/eu4dual.education\/grow\/"]}]},{"@type":"ImageObject","inLanguage":"hu","@id":"https:\/\/eu4dual.education\/grow\/#primaryimage","url":"https:\/\/eu4dual.education\/wp-content\/uploads\/2025\/02\/f0f1575e2c54bbe6acc5d2725c4028d2.png","contentUrl":"https:\/\/eu4dual.education\/wp-content\/uploads\/2025\/02\/f0f1575e2c54bbe6acc5d2725c4028d2.png"},{"@type":"BreadcrumbList","@id":"https:\/\/eu4dual.education\/grow\/#breadcrumb","itemListElement":[{"@type":"ListItem","position":1,"name":"Home","item":"https:\/\/eu4dual.education\/"},{"@type":"ListItem","position":2,"name":"Grow"}]},{"@type":"WebSite","@id":"https:\/\/eu4dual.education\/#website","url":"https:\/\/eu4dual.education\/","name":"EU4Dual","description":"Eur\u00f3pai Du\u00e1lis K\u00e9pz\u00e9s Egyetem","publisher":{"@id":"https:\/\/eu4dual.education\/#organization"},"potentialAction":[{"@type":"SearchAction","target":{"@type":"EntryPoint","urlTemplate":"https:\/\/eu4dual.education\/?s={search_term_string}"},"query-input":{"@type":"PropertyValueSpecification","valueRequired":true,"valueName":"search_term_string"}}],"inLanguage":"hu"},{"@type":"Organization","@id":"https:\/\/eu4dual.education\/#organization","name":"EU4Dual","url":"https:\/\/eu4dual.education\/","logo":{"@type":"ImageObject","inLanguage":"hu","@id":"https:\/\/eu4dual.education\/#\/schema\/logo\/image\/","url":"https:\/\/eu4dual.education\/wp-content\/uploads\/2023\/08\/cropped-EU4Dual_Logo.png","contentUrl":"https:\/\/eu4dual.education\/wp-content\/uploads\/2023\/08\/cropped-EU4Dual_Logo.png","width":352,"height":232,"caption":"EU4Dual"},"image":{"@id":"https:\/\/eu4dual.education\/#\/schema\/logo\/image\/"},"sameAs":["https:\/\/www.facebook.com\/knowledgeinno\/","https:\/\/x.com\/kiceurope"]}]}},"meta_box":[],"_links":{"self":[{"href":"https:\/\/eu4dual.education\/hu\/wp-json\/wp\/v2\/pages\/8462","targetHints":{"allow":["GET"]}}],"collection":[{"href":"https:\/\/eu4dual.education\/hu\/wp-json\/wp\/v2\/pages"}],"about":[{"href":"https:\/\/eu4dual.education\/hu\/wp-json\/wp\/v2\/types\/page"}],"author":[{"embeddable":true,"href":"https:\/\/eu4dual.education\/hu\/wp-json\/wp\/v2\/users\/26"}],"replies":[{"embeddable":true,"href":"https:\/\/eu4dual.education\/hu\/wp-json\/wp\/v2\/comments?post=8462"}],"version-history":[{"count":35,"href":"https:\/\/eu4dual.education\/hu\/wp-json\/wp\/v2\/pages\/8462\/revisions"}],"predecessor-version":[{"id":13361,"href":"https:\/\/eu4dual.education\/hu\/wp-json\/wp\/v2\/pages\/8462\/revisions\/13361"}],"wp:attachment":[{"href":"https:\/\/eu4dual.education\/hu\/wp-json\/wp\/v2\/media?parent=8462"}],"wp:term":[{"taxonomy":"best-practices","embeddable":true,"href":"https:\/\/eu4dual.education\/hu\/wp-json\/wp\/v2\/best-practices?post=8462"}],"curies":[{"name":"wp","href":"https:\/\/api.w.org\/{rel}","templated":true}]}}