{"id":13324,"date":"2026-03-24T10:51:25","date_gmt":"2026-03-24T10:51:25","guid":{"rendered":"https:\/\/eu4dual.education\/?page_id=13324"},"modified":"2026-03-24T12:11:02","modified_gmt":"2026-03-24T12:11:02","slug":"horizon-europe-funding-opportunities","status":"publish","type":"page","link":"https:\/\/eu4dual.education\/hu\/research\/horizon-europe-funding-opportunities\/","title":{"rendered":"Horizon Europe 2026: funding opportunities"},"content":{"rendered":"<div data-elementor-type=\"page\" data-elementor-id=\"13324\" class=\"elementor elementor-13324\" data-elementor-post-type=\"page\">\n\t\t\t\t<div class=\"elementor-element elementor-element-12653f7a e-con-full e-flex e-con e-parent\" data-id=\"12653f7a\" data-element_type=\"container\">\n\t\t<div class=\"elementor-element elementor-element-acdbb4b e-con-full e-flex e-con e-child\" data-id=\"acdbb4b\" data-element_type=\"container\">\n\t\t<div class=\"elementor-element elementor-element-d3bcf46 e-con-full e-flex e-con e-child\" data-id=\"d3bcf46\" data-element_type=\"container\">\n\t\t<div class=\"elementor-element elementor-element-8f09af3 e-con-full e-flex e-con e-child\" data-id=\"8f09af3\" data-element_type=\"container\">\n\t\t\t\t<div class=\"elementor-element elementor-element-890262a elementor-align-left elementor-widget elementor-widget-breadcrumbs\" data-id=\"890262a\" data-element_type=\"widget\" data-widget_type=\"breadcrumbs.default\">\n\t\t\t\t<div class=\"elementor-widget-container\">\n\t\t\t\t\t<p id=\"breadcrumbs\"><span><span><a href=\"https:\/\/eu4dual.education\/hu\/\">Home<\/a><\/span><\/span><\/p>\t\t\t\t<\/div>\n\t\t\t\t<\/div>\n\t\t\t\t<\/div>\n\t\t\t\t<div class=\"elementor-element elementor-element-5facaa2 elementor-widget__width-initial elementor-widget elementor-widget-heading\" data-id=\"5facaa2\" data-element_type=\"widget\" data-widget_type=\"heading.default\">\n\t\t\t\t<div class=\"elementor-widget-container\">\n\t\t\t\t\t<h1 class=\"elementor-heading-title elementor-size-default\">Horizon Europe 2026: funding opportunities<\/h1>\t\t\t\t<\/div>\n\t\t\t\t<\/div>\n\t\t\t\t<\/div>\n\t\t\t\t<div class=\"elementor-element elementor-element-6b2a95f elementor-widget__width-initial elementor-widget elementor-widget-text-editor\" data-id=\"6b2a95f\" data-element_type=\"widget\" data-widget_type=\"text-editor.default\">\n\t\t\t\t<div class=\"elementor-widget-container\">\n\t\t\t\t\t\t\t\t\t<p>The Horizon Europe 2026\u20132027 Work Programme offers more than \u20ac14 billion in research and innovation funding across Europe. For teachers and researchers at The European Dual Studies University, this programme opens opportunities to develop collaborative projects, strengthen university\u2013industry cooperation, and contribute to Europe&#8217;s green and digital transitions.<\/p>\t\t\t\t\t\t\t\t<\/div>\n\t\t\t\t<\/div>\n\t\t\t\t<\/div>\n\t\t\t\t<\/div>\n\t\t<div class=\"elementor-element elementor-element-4fe1827d e-con-full e-flex e-con e-parent\" data-id=\"4fe1827d\" data-element_type=\"container\">\n\t\t<div class=\"elementor-element elementor-element-3df30df e-con-full e-flex e-con e-child\" data-id=\"3df30df\" data-element_type=\"container\">\n\t\t\t\t<div class=\"elementor-element elementor-element-495e855 elementor-widget__width-initial elementor-widget elementor-widget-heading\" data-id=\"495e855\" data-element_type=\"widget\" data-widget_type=\"heading.default\">\n\t\t\t\t<div class=\"elementor-widget-container\">\n\t\t\t\t\t<h2 class=\"elementor-heading-title elementor-size-default\">Key thematic clusters for EU4Dual researchers<\/h2>\t\t\t\t<\/div>\n\t\t\t\t<\/div>\n\t\t\t\t<div class=\"elementor-element elementor-element-0ccb7ee elementor-widget__width-initial elementor-widget elementor-widget-text-editor\" data-id=\"0ccb7ee\" data-element_type=\"widget\" data-widget_type=\"text-editor.default\">\n\t\t\t\t<div class=\"elementor-widget-container\">\n\t\t\t\t\t\t\t\t\t<p>Several clusters within Horizon Europe align closely with EU4Dual research priorities.<\/p><h3><strong>Cluster 2 \u2014 Culture, creativity and inclusive society<\/strong><\/h3><p>This cluster supports research on societal transformation, democracy, and inclusive development. Relevant areas include:<\/p><ul><li>democratic participation and governance<\/li><li>social innovation and community engagement<\/li><li>cultural and creative industries<\/li><li>digital transformation of society<\/li><li>socioeconomic transitions in Europe<\/li><\/ul><p>These calls support research that connects technology, society, and public policy \u2014 reinforcing our commitment to responsible innovation and social impact.<\/p><h3><strong>Cluster 4 \u2014 Digital, industry and space<\/strong><\/h3><p>This cluster focuses on digital technologies, advanced manufacturing, and AI. Funding supports research in:<\/p><ul><li>digital transformation<\/li><li>human-centric technology development<\/li><li>advanced materials and smart manufacturing<\/li><li>AI and data-driven innovation<\/li><li>collaboration between universities and industry<\/li><\/ul><p>These topics closely align with EU4Dual&#8217;s mission to support practice-oriented education and applied research.<\/p><h3><strong>Cluster 5 \u2014 Climate, energy and mobility<\/strong><\/h3><p>Cluster 5 addresses Europe&#8217;s transition towards climate neutrality. Funding opportunities focus on:<\/p><ul><li>renewable energy systems<\/li><li>clean transport solutions<\/li><li>climate adaptation strategies<\/li><li>sustainable mobility and infrastructure<\/li><li>energy efficiency and circular economy solutions<\/li><\/ul><p>These topics offer EU4Dual institutions important opportunities to develop applied research that contributes to regional sustainability.<\/p>\t\t\t\t\t\t\t\t<\/div>\n\t\t\t\t<\/div>\n\t\t\t\t<\/div>\n\t\t\t\t<\/div>\n\t\t<div class=\"elementor-element elementor-element-2cef6474 e-con-full e-flex e-con e-parent\" data-id=\"2cef6474\" data-element_type=\"container\" id=\"lighthouse\">\n\t\t\t\t<div class=\"elementor-element elementor-element-1e9caa7d elementor-widget-tablet__width-inherit elementor-widget__width-inherit elementor-widget elementor-widget-image\" data-id=\"1e9caa7d\" data-element_type=\"widget\" data-widget_type=\"image.default\">\n\t\t\t\t<div class=\"elementor-widget-container\">\n\t\t\t\t\t\t\t\t\t\t\t\t\t\t\t<img fetchpriority=\"high\" decoding=\"async\" width=\"1440\" height=\"85\" src=\"https:\/\/eu4dual.education\/wp-content\/uploads\/2025\/02\/48d9afe2423991bf52a33a571d4d385b.svg\" class=\"attachment-full size-full wp-image-8246\" alt=\"\" data-no-translation=\"\" \/>\t\t\t\t\t\t\t\t\t\t\t\t\t\t\t<\/div>\n\t\t\t\t<\/div>\n\t\t<div class=\"elementor-element elementor-element-13f4be53 e-con-full e-flex e-con e-child\" data-id=\"13f4be53\" data-element_type=\"container\" data-settings=\"{&quot;background_background&quot;:&quot;classic&quot;}\">\n\t\t<div class=\"elementor-element elementor-element-4d39506 e-con-full e-flex e-con e-child\" data-id=\"4d39506\" data-element_type=\"container\">\n\t\t<div class=\"elementor-element elementor-element-9c74ee7 e-con-full e-flex e-con e-child\" data-id=\"9c74ee7\" data-element_type=\"container\">\n\t\t\t\t<div class=\"elementor-element elementor-element-607b375 elementor-widget__width-initial elementor-widget elementor-widget-heading\" data-id=\"607b375\" data-element_type=\"widget\" data-widget_type=\"heading.default\">\n\t\t\t\t<div class=\"elementor-widget-container\">\n\t\t\t\t\t<h2 class=\"elementor-heading-title elementor-size-default\">Why Horizon Europe matters for EU4Dual<\/h2>\t\t\t\t<\/div>\n\t\t\t\t<\/div>\n\t\t\t\t<div class=\"elementor-element elementor-element-c8f517c elementor-widget__width-initial elementor-widget elementor-widget-text-editor\" data-id=\"c8f517c\" data-element_type=\"widget\" data-widget_type=\"text-editor.default\">\n\t\t\t\t<div class=\"elementor-widget-container\">\n\t\t\t\t\t\t\t\t\t<p>Horizon Europe aligns closely with the strategic goals of The European Dual Studies University. Its focus on applied research, interdisciplinary collaboration, and innovation ecosystems reflects what we do.<\/p><p>For EU4Dual teachers and researchers, the programme provides opportunities to:<\/p><ul><li>develop international research partnerships<\/li><li>collaborate with industry and regional stakeholders<\/li><li>secure funding for innovative research projects<\/li><li>strengthen Europe-wide research networks<\/li><li>contribute to solving global societal challenges<\/li><\/ul>\t\t\t\t\t\t\t\t<\/div>\n\t\t\t\t<\/div>\n\t\t\t\t<\/div>\n\t\t\t\t<\/div>\n\t\t\t\t<\/div>\n\t\t\t\t<div class=\"elementor-element elementor-element-3b17216 elementor-widget-tablet__width-inherit elementor-widget__width-inherit elementor-widget elementor-widget-image\" data-id=\"3b17216\" data-element_type=\"widget\" data-widget_type=\"image.default\">\n\t\t\t\t<div class=\"elementor-widget-container\">\n\t\t\t\t\t\t\t\t\t\t\t\t\t\t\t<img decoding=\"async\" width=\"1440\" height=\"85\" src=\"https:\/\/eu4dual.education\/wp-content\/uploads\/2025\/02\/8379241c423955337c19067ccb13bb34.svg\" class=\"attachment-full size-full wp-image-8271\" alt=\"\" data-no-translation=\"\" \/>\t\t\t\t\t\t\t\t\t\t\t\t\t\t\t<\/div>\n\t\t\t\t<\/div>\n\t\t\t\t<\/div>\n\t\t<div class=\"elementor-element elementor-element-68331ffa e-con-full e-flex e-con e-parent\" data-id=\"68331ffa\" data-element_type=\"container\">\n\t\t<div class=\"elementor-element elementor-element-a5e014b e-con-full e-flex e-con e-child\" data-id=\"a5e014b\" data-element_type=\"container\">\n\t\t\t\t<div class=\"elementor-element elementor-element-d1dfa08 elementor-widget__width-initial elementor-widget elementor-widget-heading\" data-id=\"d1dfa08\" data-element_type=\"widget\" data-widget_type=\"heading.default\">\n\t\t\t\t<div class=\"elementor-widget-container\">\n\t\t\t\t\t<h2 class=\"elementor-heading-title elementor-size-default\">Explore the calls<\/h2>\t\t\t\t<\/div>\n\t\t\t\t<\/div>\n\t\t<div class=\"elementor-element elementor-element-c682256 e-con-full e-flex e-con e-child\" data-id=\"c682256\" data-element_type=\"container\">\n\t\t<div class=\"elementor-element elementor-element-31ce80c e-con-full e-flex e-con e-child\" data-id=\"31ce80c\" data-element_type=\"container\">\n\t\t<div class=\"elementor-element elementor-element-d7a6d0a e-con-full e-flex e-con e-child\" data-id=\"d7a6d0a\" data-element_type=\"container\">\n\t\t<div class=\"elementor-element elementor-element-8adebde e-con-full e-flex e-con e-child\" data-id=\"8adebde\" data-element_type=\"container\">\n\t\t\t\t<div class=\"elementor-element elementor-element-439831d elementor-widget__width-initial elementor-widget elementor-widget-heading\" data-id=\"439831d\" data-element_type=\"widget\" data-widget_type=\"heading.default\">\n\t\t\t\t<div class=\"elementor-widget-container\">\n\t\t\t\t\t<h3 class=\"elementor-heading-title elementor-size-default\">Funding and tenders portal<\/h3>\t\t\t\t<\/div>\n\t\t\t\t<\/div>\n\t\t\t\t<\/div>\n\t\t\t\t<div class=\"elementor-element elementor-element-bfbb3e5 elementor-widget__width-initial elementor-widget elementor-widget-text-editor\" data-id=\"bfbb3e5\" data-element_type=\"widget\" data-widget_type=\"text-editor.default\">\n\t\t\t\t<div class=\"elementor-widget-container\">\n\t\t\t\t\t\t\t\t\t<p>The official portal for all open Horizon Europe calls<\/p>\t\t\t\t\t\t\t\t<\/div>\n\t\t\t\t<\/div>\n\t\t<div class=\"elementor-element elementor-element-8f26fa8 e-con-full e-flex e-con e-child\" data-id=\"8f26fa8\" data-element_type=\"container\">\n\t\t\t\t<div class=\"elementor-element elementor-element-826da8d elementor-align-center elementor-widget elementor-widget-button\" data-id=\"826da8d\" data-element_type=\"widget\" data-widget_type=\"button.default\">\n\t\t\t\t<div class=\"elementor-widget-container\">\n\t\t\t\t\t\t\t\t\t<div class=\"elementor-button-wrapper\">\n\t\t\t\t\t<a class=\"elementor-button elementor-button-link elementor-size-sm\" href=\"https:\/\/ec.europa.eu\/info\/funding-tenders\/opportunities\/portal\">\n\t\t\t\t\t\t<span class=\"elementor-button-content-wrapper\">\n\t\t\t\t\t\t\t\t\t<span class=\"elementor-button-text\">Go to funding & tenders<\/span>\n\t\t\t\t\t<\/span>\n\t\t\t\t\t<\/a>\n\t\t\t\t<\/div>\n\t\t\t\t\t\t\t\t<\/div>\n\t\t\t\t<\/div>\n\t\t\t\t<\/div>\n\t\t\t\t<\/div>\n\t\t<div class=\"elementor-element elementor-element-ae2582a e-con-full e-flex e-con e-child\" data-id=\"ae2582a\" data-element_type=\"container\">\n\t\t<div class=\"elementor-element elementor-element-55f1e9b e-con-full e-flex e-con e-child\" data-id=\"55f1e9b\" data-element_type=\"container\">\n\t\t\t\t<div class=\"elementor-element elementor-element-7d5f530 elementor-widget__width-initial elementor-widget elementor-widget-heading\" data-id=\"7d5f530\" data-element_type=\"widget\" data-widget_type=\"heading.default\">\n\t\t\t\t<div class=\"elementor-widget-container\">\n\t\t\t\t\t<h3 class=\"elementor-heading-title elementor-size-default\">Horizon Europe overview <\/h3>\t\t\t\t<\/div>\n\t\t\t\t<\/div>\n\t\t\t\t<\/div>\n\t\t\t\t<div class=\"elementor-element elementor-element-458a3ae elementor-widget__width-initial elementor-widget elementor-widget-text-editor\" data-id=\"458a3ae\" data-element_type=\"widget\" data-widget_type=\"text-editor.default\">\n\t\t\t\t<div class=\"elementor-widget-container\">\n\t\t\t\t\t\t\t\t\t<p>Full programme information from the European Commission<\/p>\t\t\t\t\t\t\t\t<\/div>\n\t\t\t\t<\/div>\n\t\t<div class=\"elementor-element elementor-element-4cd3d56 e-con-full e-flex e-con e-child\" data-id=\"4cd3d56\" data-element_type=\"container\">\n\t\t\t\t<div class=\"elementor-element elementor-element-7ff79b7 elementor-align-center elementor-widget elementor-widget-button\" data-id=\"7ff79b7\" data-element_type=\"widget\" data-widget_type=\"button.default\">\n\t\t\t\t<div class=\"elementor-widget-container\">\n\t\t\t\t\t\t\t\t\t<div class=\"elementor-button-wrapper\">\n\t\t\t\t\t<a class=\"elementor-button elementor-button-link elementor-size-sm\" href=\"https:\/\/commission.europa.eu\/research-and-innovation\/funding\/funding-opportunities\/funding-programmes-and-open-calls\/horizon-europe_en\">\n\t\t\t\t\t\t<span class=\"elementor-button-content-wrapper\">\n\t\t\t\t\t\t\t\t\t<span class=\"elementor-button-text\">Programme until 2027<\/span>\n\t\t\t\t\t<\/span>\n\t\t\t\t\t<\/a>\n\t\t\t\t<\/div>\n\t\t\t\t\t\t\t\t<\/div>\n\t\t\t\t<\/div>\n\t\t\t\t<\/div>\n\t\t\t\t<\/div>\n\t\t\t\t<\/div>\n\t\t\t\t<\/div>\n\t\t\t\t<\/div>\n\t\t\t\t<\/div>\n\t\t<div class=\"elementor-element elementor-element-3c446f2 e-con-full e-flex e-con e-parent\" data-id=\"3c446f2\" data-element_type=\"container\">\n\t\t<div class=\"elementor-element elementor-element-112f169 e-con-full e-flex e-con e-child\" data-id=\"112f169\" data-element_type=\"container\">\n\t\t\t\t<div class=\"elementor-element elementor-element-2e43a0e elementor-widget__width-initial elementor-widget elementor-widget-heading\" data-id=\"2e43a0e\" data-element_type=\"widget\" data-widget_type=\"heading.default\">\n\t\t\t\t<div class=\"elementor-widget-container\">\n\t\t\t\t\t<h2 class=\"elementor-heading-title elementor-size-default\">Horizon Europe missions<\/h2>\t\t\t\t<\/div>\n\t\t\t\t<\/div>\n\t\t<div class=\"elementor-element elementor-element-344fdbf e-con-full e-flex e-con e-child\" data-id=\"344fdbf\" data-element_type=\"container\">\n\t\t\t\t<div class=\"elementor-element elementor-element-7344c94 elementor-widget__width-initial elementor-widget elementor-widget-text-editor\" data-id=\"7344c94\" data-element_type=\"widget\" data-widget_type=\"text-editor.default\">\n\t\t\t\t<div class=\"elementor-widget-container\">\n\t\t\t\t\t\t\t\t\t<p>Horizon Europe also supports EU missions \u2014 large-scale initiatives targeting concrete societal challenges. Key missions include:<\/p><ul><li>Adaptation to Climate Change<\/li><li>Cancer<\/li><li>Restore our Ocean and Waters<\/li><li>100 Climate-Neutral Cities<\/li><li>A Soil Deal for Europe<\/li><\/ul><p>These missions encourage large-scale collaboration between universities, industry partners, policymakers, and regional stakeholders.<\/p>\t\t\t\t\t\t\t\t<\/div>\n\t\t\t\t<\/div>\n\t\t\t\t<\/div>\n\t\t\t\t<\/div>\n\t\t\t\t<\/div>\n\t\t\t\t<\/div>","protected":false},"excerpt":{"rendered":"<p>Horizon Europe 2026: funding opportunities The Horizon Europe 2026\u20132027 Work Programme offers more than \u20ac14 billion in research and innovation funding across Europe. For teachers and researchers at The European Dual Studies University, this programme opens opportunities to develop collaborative projects, strengthen university\u2013industry cooperation, and contribute to Europe&#8217;s green and digital transitions. Key thematic clusters [&hellip;]<\/p>\n","protected":false},"author":26,"featured_media":0,"parent":8458,"menu_order":0,"comment_status":"closed","ping_status":"closed","template":"elementor_header_footer","meta":{"footnotes":""},"best-practices":[],"class_list":["post-13324","page","type-page","status-publish","hentry"],"yoast_head":"<!-- This site is optimized with the Yoast SEO plugin v25.2 - https:\/\/yoast.com\/wordpress\/plugins\/seo\/ -->\n<title>Horizon Europe 2026: funding opportunities - EU4Dual<\/title>\n<meta name=\"robots\" content=\"index, follow, max-snippet:-1, max-image-preview:large, max-video-preview:-1\" \/>\n<link rel=\"canonical\" href=\"https:\/\/eu4dual.education\/hu\/kutatas\/horizon-europe-funding-opportunities\/\" \/>\n<meta property=\"og:locale\" content=\"hu_HU\" \/>\n<meta property=\"og:type\" content=\"article\" \/>\n<meta property=\"og:title\" content=\"Horizon Europe 2026: funding opportunities - EU4Dual\" \/>\n<meta property=\"og:description\" content=\"Horizon Europe 2026: funding opportunities The Horizon Europe 2026\u20132027 Work Programme offers more than \u20ac14 billion in research and innovation funding across Europe. For teachers and researchers at The European Dual Studies University, this programme opens opportunities to develop collaborative projects, strengthen university\u2013industry cooperation, and contribute to Europe&#8217;s green and digital transitions. Key thematic clusters [&hellip;]\" \/>\n<meta property=\"og:url\" content=\"https:\/\/eu4dual.education\/hu\/kutatas\/horizon-europe-funding-opportunities\/\" \/>\n<meta property=\"og:site_name\" content=\"EU4Dual\" \/>\n<meta property=\"article:publisher\" content=\"https:\/\/www.facebook.com\/knowledgeinno\/\" \/>\n<meta property=\"article:modified_time\" content=\"2026-03-24T12:11:02+00:00\" \/>\n<meta name=\"twitter:card\" content=\"summary_large_image\" \/>\n<meta name=\"twitter:site\" content=\"@kiceurope\" \/>\n<script type=\"application\/ld+json\" class=\"yoast-schema-graph\">{\"@context\":\"https:\/\/schema.org\",\"@graph\":[{\"@type\":\"WebPage\",\"@id\":\"https:\/\/eu4dual.education\/research\/horizon-europe-funding-opportunities\/\",\"url\":\"https:\/\/eu4dual.education\/research\/horizon-europe-funding-opportunities\/\",\"name\":\"Horizon Europe 2026: funding opportunities - EU4Dual\",\"isPartOf\":{\"@id\":\"https:\/\/eu4dual.education\/#website\"},\"primaryImageOfPage\":{\"@id\":\"https:\/\/eu4dual.education\/research\/horizon-europe-funding-opportunities\/#primaryimage\"},\"image\":{\"@id\":\"https:\/\/eu4dual.education\/research\/horizon-europe-funding-opportunities\/#primaryimage\"},\"thumbnailUrl\":\"https:\/\/eu4dual.education\/wp-content\/uploads\/2025\/02\/48d9afe2423991bf52a33a571d4d385b.svg\",\"datePublished\":\"2026-03-24T10:51:25+00:00\",\"dateModified\":\"2026-03-24T12:11:02+00:00\",\"breadcrumb\":{\"@id\":\"https:\/\/eu4dual.education\/research\/horizon-europe-funding-opportunities\/#breadcrumb\"},\"inLanguage\":\"hu\",\"potentialAction\":[{\"@type\":\"ReadAction\",\"target\":[\"https:\/\/eu4dual.education\/research\/horizon-europe-funding-opportunities\/\"]}]},{\"@type\":\"ImageObject\",\"inLanguage\":\"hu\",\"@id\":\"https:\/\/eu4dual.education\/research\/horizon-europe-funding-opportunities\/#primaryimage\",\"url\":\"https:\/\/eu4dual.education\/wp-content\/uploads\/2025\/02\/48d9afe2423991bf52a33a571d4d385b.svg\",\"contentUrl\":\"https:\/\/eu4dual.education\/wp-content\/uploads\/2025\/02\/48d9afe2423991bf52a33a571d4d385b.svg\"},{\"@type\":\"BreadcrumbList\",\"@id\":\"https:\/\/eu4dual.education\/research\/horizon-europe-funding-opportunities\/#breadcrumb\",\"itemListElement\":[{\"@type\":\"ListItem\",\"position\":1,\"name\":\"Home\",\"item\":\"https:\/\/eu4dual.education\/\"},{\"@type\":\"ListItem\",\"position\":2,\"name\":\"Research\",\"item\":\"https:\/\/eu4dual.education\/research\/\"},{\"@type\":\"ListItem\",\"position\":3,\"name\":\"Horizon Europe 2026: funding opportunities\"}]},{\"@type\":\"WebSite\",\"@id\":\"https:\/\/eu4dual.education\/#website\",\"url\":\"https:\/\/eu4dual.education\/\",\"name\":\"EU4Dual\",\"description\":\"The European Dual Studies University\",\"publisher\":{\"@id\":\"https:\/\/eu4dual.education\/#organization\"},\"potentialAction\":[{\"@type\":\"SearchAction\",\"target\":{\"@type\":\"EntryPoint\",\"urlTemplate\":\"https:\/\/eu4dual.education\/?s={search_term_string}\"},\"query-input\":{\"@type\":\"PropertyValueSpecification\",\"valueRequired\":true,\"valueName\":\"search_term_string\"}}],\"inLanguage\":\"hu\"},{\"@type\":\"Organization\",\"@id\":\"https:\/\/eu4dual.education\/#organization\",\"name\":\"EU4Dual\",\"url\":\"https:\/\/eu4dual.education\/\",\"logo\":{\"@type\":\"ImageObject\",\"inLanguage\":\"hu\",\"@id\":\"https:\/\/eu4dual.education\/#\/schema\/logo\/image\/\",\"url\":\"https:\/\/eu4dual.education\/wp-content\/uploads\/2023\/08\/cropped-EU4Dual_Logo.png\",\"contentUrl\":\"https:\/\/eu4dual.education\/wp-content\/uploads\/2023\/08\/cropped-EU4Dual_Logo.png\",\"width\":352,\"height\":232,\"caption\":\"EU4Dual\"},\"image\":{\"@id\":\"https:\/\/eu4dual.education\/#\/schema\/logo\/image\/\"},\"sameAs\":[\"https:\/\/www.facebook.com\/knowledgeinno\/\",\"https:\/\/x.com\/kiceurope\"]}]}<\/script>\n<!-- \/ Yoast SEO plugin. -->","yoast_head_json":{"title":"Horizon Europe 2026: funding opportunities - EU4Dual","robots":{"index":"index","follow":"follow","max-snippet":"max-snippet:-1","max-image-preview":"max-image-preview:large","max-video-preview":"max-video-preview:-1"},"canonical":"https:\/\/eu4dual.education\/hu\/kutatas\/horizon-europe-funding-opportunities\/","og_locale":"hu_HU","og_type":"article","og_title":"Horizon Europe 2026: funding opportunities - EU4Dual","og_description":"Horizon Europe 2026: funding opportunities The Horizon Europe 2026\u20132027 Work Programme offers more than \u20ac14 billion in research and innovation funding across Europe. For teachers and researchers at The European Dual Studies University, this programme opens opportunities to develop collaborative projects, strengthen university\u2013industry cooperation, and contribute to Europe&#8217;s green and digital transitions. Key thematic clusters [&hellip;]","og_url":"https:\/\/eu4dual.education\/hu\/kutatas\/horizon-europe-funding-opportunities\/","og_site_name":"EU4Dual","article_publisher":"https:\/\/www.facebook.com\/knowledgeinno\/","article_modified_time":"2026-03-24T12:11:02+00:00","twitter_card":"summary_large_image","twitter_site":"@kiceurope","schema":{"@context":"https:\/\/schema.org","@graph":[{"@type":"WebPage","@id":"https:\/\/eu4dual.education\/research\/horizon-europe-funding-opportunities\/","url":"https:\/\/eu4dual.education\/research\/horizon-europe-funding-opportunities\/","name":"Horizon Europe 2026: funding opportunities - EU4Dual","isPartOf":{"@id":"https:\/\/eu4dual.education\/#website"},"primaryImageOfPage":{"@id":"https:\/\/eu4dual.education\/research\/horizon-europe-funding-opportunities\/#primaryimage"},"image":{"@id":"https:\/\/eu4dual.education\/research\/horizon-europe-funding-opportunities\/#primaryimage"},"thumbnailUrl":"https:\/\/eu4dual.education\/wp-content\/uploads\/2025\/02\/48d9afe2423991bf52a33a571d4d385b.svg","datePublished":"2026-03-24T10:51:25+00:00","dateModified":"2026-03-24T12:11:02+00:00","breadcrumb":{"@id":"https:\/\/eu4dual.education\/research\/horizon-europe-funding-opportunities\/#breadcrumb"},"inLanguage":"hu","potentialAction":[{"@type":"ReadAction","target":["https:\/\/eu4dual.education\/research\/horizon-europe-funding-opportunities\/"]}]},{"@type":"ImageObject","inLanguage":"hu","@id":"https:\/\/eu4dual.education\/research\/horizon-europe-funding-opportunities\/#primaryimage","url":"https:\/\/eu4dual.education\/wp-content\/uploads\/2025\/02\/48d9afe2423991bf52a33a571d4d385b.svg","contentUrl":"https:\/\/eu4dual.education\/wp-content\/uploads\/2025\/02\/48d9afe2423991bf52a33a571d4d385b.svg"},{"@type":"BreadcrumbList","@id":"https:\/\/eu4dual.education\/research\/horizon-europe-funding-opportunities\/#breadcrumb","itemListElement":[{"@type":"ListItem","position":1,"name":"Home","item":"https:\/\/eu4dual.education\/"},{"@type":"ListItem","position":2,"name":"Research","item":"https:\/\/eu4dual.education\/research\/"},{"@type":"ListItem","position":3,"name":"Horizon Europe 2026: funding opportunities"}]},{"@type":"WebSite","@id":"https:\/\/eu4dual.education\/#website","url":"https:\/\/eu4dual.education\/","name":"EU4Dual","description":"Eur\u00f3pai Du\u00e1lis K\u00e9pz\u00e9s Egyetem","publisher":{"@id":"https:\/\/eu4dual.education\/#organization"},"potentialAction":[{"@type":"SearchAction","target":{"@type":"EntryPoint","urlTemplate":"https:\/\/eu4dual.education\/?s={search_term_string}"},"query-input":{"@type":"PropertyValueSpecification","valueRequired":true,"valueName":"search_term_string"}}],"inLanguage":"hu"},{"@type":"Organization","@id":"https:\/\/eu4dual.education\/#organization","name":"EU4Dual","url":"https:\/\/eu4dual.education\/","logo":{"@type":"ImageObject","inLanguage":"hu","@id":"https:\/\/eu4dual.education\/#\/schema\/logo\/image\/","url":"https:\/\/eu4dual.education\/wp-content\/uploads\/2023\/08\/cropped-EU4Dual_Logo.png","contentUrl":"https:\/\/eu4dual.education\/wp-content\/uploads\/2023\/08\/cropped-EU4Dual_Logo.png","width":352,"height":232,"caption":"EU4Dual"},"image":{"@id":"https:\/\/eu4dual.education\/#\/schema\/logo\/image\/"},"sameAs":["https:\/\/www.facebook.com\/knowledgeinno\/","https:\/\/x.com\/kiceurope"]}]}},"meta_box":[],"_links":{"self":[{"href":"https:\/\/eu4dual.education\/hu\/wp-json\/wp\/v2\/pages\/13324","targetHints":{"allow":["GET"]}}],"collection":[{"href":"https:\/\/eu4dual.education\/hu\/wp-json\/wp\/v2\/pages"}],"about":[{"href":"https:\/\/eu4dual.education\/hu\/wp-json\/wp\/v2\/types\/page"}],"author":[{"embeddable":true,"href":"https:\/\/eu4dual.education\/hu\/wp-json\/wp\/v2\/users\/26"}],"replies":[{"embeddable":true,"href":"https:\/\/eu4dual.education\/hu\/wp-json\/wp\/v2\/comments?post=13324"}],"version-history":[{"count":1,"href":"https:\/\/eu4dual.education\/hu\/wp-json\/wp\/v2\/pages\/13324\/revisions"}],"predecessor-version":[{"id":13325,"href":"https:\/\/eu4dual.education\/hu\/wp-json\/wp\/v2\/pages\/13324\/revisions\/13325"}],"up":[{"embeddable":true,"href":"https:\/\/eu4dual.education\/hu\/wp-json\/wp\/v2\/pages\/8458"}],"wp:attachment":[{"href":"https:\/\/eu4dual.education\/hu\/wp-json\/wp\/v2\/media?parent=13324"}],"wp:term":[{"taxonomy":"best-practices","embeddable":true,"href":"https:\/\/eu4dual.education\/hu\/wp-json\/wp\/v2\/best-practices?post=13324"}],"curies":[{"name":"wp","href":"https:\/\/api.w.org\/{rel}","templated":true}]}}