{"id":9761,"date":"2025-02-27T08:21:32","date_gmt":"2025-02-27T08:21:32","guid":{"rendered":"https:\/\/eu4dual.education\/?page_id=9761"},"modified":"2025-02-28T12:21:39","modified_gmt":"2025-02-28T12:21:39","slug":"search-catalog-page-lopp","status":"publish","type":"page","link":"https:\/\/eu4dual.education\/fr\/search-catalog-page-lopp\/","title":{"rendered":"Search catalog page LOpp"},"content":{"rendered":"<p>[search-catalog-items]<\/p>\n","protected":false},"excerpt":{"rendered":"<p>[search-catalog-items]<\/p>\n","protected":false},"author":1,"featured_media":0,"parent":0,"menu_order":0,"comment_status":"closed","ping_status":"closed","template":"elementor_header_footer","meta":{"footnotes":""},"best-practices":[],"class_list":["post-9761","page","type-page","status-publish","hentry"],"yoast_head":"<!-- This site is optimized with the Yoast SEO plugin v25.2 - https:\/\/yoast.com\/wordpress\/plugins\/seo\/ -->\n<title>Search catalog page LOpp - EU4Dual<\/title>\n<meta name=\"robots\" content=\"index, follow, max-snippet:-1, max-image-preview:large, max-video-preview:-1\" \/>\n<link rel=\"canonical\" href=\"https:\/\/eu4dual.education\/fr\/search-catalog-page-lopp\/\" \/>\n<meta property=\"og:locale\" content=\"fr_FR\" \/>\n<meta property=\"og:type\" content=\"article\" \/>\n<meta property=\"og:title\" content=\"Search catalog page LOpp - EU4Dual\" \/>\n<meta property=\"og:description\" content=\"[search-catalog-items]\" \/>\n<meta property=\"og:url\" content=\"https:\/\/eu4dual.education\/fr\/search-catalog-page-lopp\/\" \/>\n<meta property=\"og:site_name\" content=\"EU4Dual\" \/>\n<meta property=\"article:publisher\" content=\"https:\/\/www.facebook.com\/knowledgeinno\/\" \/>\n<meta property=\"article:modified_time\" content=\"2025-02-28T12:21:39+00:00\" \/>\n<meta name=\"twitter:card\" content=\"summary_large_image\" \/>\n<meta name=\"twitter:site\" content=\"@kiceurope\" \/>\n<meta name=\"twitter:label1\" content=\"Dur\u00e9e de lecture estim\u00e9e\" \/>\n\t<meta name=\"twitter:data1\" content=\"1 minute\" \/>\n<script type=\"application\/ld+json\" class=\"yoast-schema-graph\">{\"@context\":\"https:\/\/schema.org\",\"@graph\":[{\"@type\":\"WebPage\",\"@id\":\"https:\/\/eu4dual.education\/search-catalog-page-lopp\/\",\"url\":\"https:\/\/eu4dual.education\/search-catalog-page-lopp\/\",\"name\":\"Search catalog page LOpp - EU4Dual\",\"isPartOf\":{\"@id\":\"https:\/\/eu4dual.education\/#website\"},\"datePublished\":\"2025-02-27T08:21:32+00:00\",\"dateModified\":\"2025-02-28T12:21:39+00:00\",\"breadcrumb\":{\"@id\":\"https:\/\/eu4dual.education\/search-catalog-page-lopp\/#breadcrumb\"},\"inLanguage\":\"fr-FR\",\"potentialAction\":[{\"@type\":\"ReadAction\",\"target\":[\"https:\/\/eu4dual.education\/search-catalog-page-lopp\/\"]}]},{\"@type\":\"BreadcrumbList\",\"@id\":\"https:\/\/eu4dual.education\/search-catalog-page-lopp\/#breadcrumb\",\"itemListElement\":[{\"@type\":\"ListItem\",\"position\":1,\"name\":\"Home\",\"item\":\"https:\/\/eu4dual.education\/\"},{\"@type\":\"ListItem\",\"position\":2,\"name\":\"Search catalog page LOpp\"}]},{\"@type\":\"WebSite\",\"@id\":\"https:\/\/eu4dual.education\/#website\",\"url\":\"https:\/\/eu4dual.education\/\",\"name\":\"EU4Dual\",\"description\":\"The European Dual Studies University\",\"publisher\":{\"@id\":\"https:\/\/eu4dual.education\/#organization\"},\"potentialAction\":[{\"@type\":\"SearchAction\",\"target\":{\"@type\":\"EntryPoint\",\"urlTemplate\":\"https:\/\/eu4dual.education\/?s={search_term_string}\"},\"query-input\":{\"@type\":\"PropertyValueSpecification\",\"valueRequired\":true,\"valueName\":\"search_term_string\"}}],\"inLanguage\":\"fr-FR\"},{\"@type\":\"Organization\",\"@id\":\"https:\/\/eu4dual.education\/#organization\",\"name\":\"EU4Dual\",\"url\":\"https:\/\/eu4dual.education\/\",\"logo\":{\"@type\":\"ImageObject\",\"inLanguage\":\"fr-FR\",\"@id\":\"https:\/\/eu4dual.education\/#\/schema\/logo\/image\/\",\"url\":\"https:\/\/eu4dual.education\/wp-content\/uploads\/2023\/08\/cropped-EU4Dual_Logo.png\",\"contentUrl\":\"https:\/\/eu4dual.education\/wp-content\/uploads\/2023\/08\/cropped-EU4Dual_Logo.png\",\"width\":352,\"height\":232,\"caption\":\"EU4Dual\"},\"image\":{\"@id\":\"https:\/\/eu4dual.education\/#\/schema\/logo\/image\/\"},\"sameAs\":[\"https:\/\/www.facebook.com\/knowledgeinno\/\",\"https:\/\/x.com\/kiceurope\"]}]}<\/script>\n<!-- \/ Yoast SEO plugin. -->","yoast_head_json":{"title":"Search catalog page LOpp - EU4Dual","robots":{"index":"index","follow":"follow","max-snippet":"max-snippet:-1","max-image-preview":"max-image-preview:large","max-video-preview":"max-video-preview:-1"},"canonical":"https:\/\/eu4dual.education\/fr\/search-catalog-page-lopp\/","og_locale":"fr_FR","og_type":"article","og_title":"Search catalog page LOpp - EU4Dual","og_description":"[search-catalog-items]","og_url":"https:\/\/eu4dual.education\/fr\/search-catalog-page-lopp\/","og_site_name":"EU4Dual","article_publisher":"https:\/\/www.facebook.com\/knowledgeinno\/","article_modified_time":"2025-02-28T12:21:39+00:00","twitter_card":"summary_large_image","twitter_site":"@kiceurope","twitter_misc":{"Dur\u00e9e de lecture estim\u00e9e":"1 minute"},"schema":{"@context":"https:\/\/schema.org","@graph":[{"@type":"WebPage","@id":"https:\/\/eu4dual.education\/search-catalog-page-lopp\/","url":"https:\/\/eu4dual.education\/search-catalog-page-lopp\/","name":"Search catalog page LOpp - EU4Dual","isPartOf":{"@id":"https:\/\/eu4dual.education\/#website"},"datePublished":"2025-02-27T08:21:32+00:00","dateModified":"2025-02-28T12:21:39+00:00","breadcrumb":{"@id":"https:\/\/eu4dual.education\/search-catalog-page-lopp\/#breadcrumb"},"inLanguage":"fr-FR","potentialAction":[{"@type":"ReadAction","target":["https:\/\/eu4dual.education\/search-catalog-page-lopp\/"]}]},{"@type":"BreadcrumbList","@id":"https:\/\/eu4dual.education\/search-catalog-page-lopp\/#breadcrumb","itemListElement":[{"@type":"ListItem","position":1,"name":"Home","item":"https:\/\/eu4dual.education\/"},{"@type":"ListItem","position":2,"name":"Search catalog page LOpp"}]},{"@type":"WebSite","@id":"https:\/\/eu4dual.education\/#website","url":"https:\/\/eu4dual.education\/","name":"EU4Dual","description":"L'Universit\u00e9 europ\u00e9enne des \u00e9tudes en alternance","publisher":{"@id":"https:\/\/eu4dual.education\/#organization"},"potentialAction":[{"@type":"SearchAction","target":{"@type":"EntryPoint","urlTemplate":"https:\/\/eu4dual.education\/?s={search_term_string}"},"query-input":{"@type":"PropertyValueSpecification","valueRequired":true,"valueName":"search_term_string"}}],"inLanguage":"fr-FR"},{"@type":"Organization","@id":"https:\/\/eu4dual.education\/#organization","name":"EU4Dual","url":"https:\/\/eu4dual.education\/","logo":{"@type":"ImageObject","inLanguage":"fr-FR","@id":"https:\/\/eu4dual.education\/#\/schema\/logo\/image\/","url":"https:\/\/eu4dual.education\/wp-content\/uploads\/2023\/08\/cropped-EU4Dual_Logo.png","contentUrl":"https:\/\/eu4dual.education\/wp-content\/uploads\/2023\/08\/cropped-EU4Dual_Logo.png","width":352,"height":232,"caption":"EU4Dual"},"image":{"@id":"https:\/\/eu4dual.education\/#\/schema\/logo\/image\/"},"sameAs":["https:\/\/www.facebook.com\/knowledgeinno\/","https:\/\/x.com\/kiceurope"]}]}},"meta_box":[],"_links":{"self":[{"href":"https:\/\/eu4dual.education\/fr\/wp-json\/wp\/v2\/pages\/9761","targetHints":{"allow":["GET"]}}],"collection":[{"href":"https:\/\/eu4dual.education\/fr\/wp-json\/wp\/v2\/pages"}],"about":[{"href":"https:\/\/eu4dual.education\/fr\/wp-json\/wp\/v2\/types\/page"}],"author":[{"embeddable":true,"href":"https:\/\/eu4dual.education\/fr\/wp-json\/wp\/v2\/users\/1"}],"replies":[{"embeddable":true,"href":"https:\/\/eu4dual.education\/fr\/wp-json\/wp\/v2\/comments?post=9761"}],"version-history":[{"count":1,"href":"https:\/\/eu4dual.education\/fr\/wp-json\/wp\/v2\/pages\/9761\/revisions"}],"predecessor-version":[{"id":9764,"href":"https:\/\/eu4dual.education\/fr\/wp-json\/wp\/v2\/pages\/9761\/revisions\/9764"}],"wp:attachment":[{"href":"https:\/\/eu4dual.education\/fr\/wp-json\/wp\/v2\/media?parent=9761"}],"wp:term":[{"taxonomy":"best-practices","embeddable":true,"href":"https:\/\/eu4dual.education\/fr\/wp-json\/wp\/v2\/best-practices?post=9761"}],"curies":[{"name":"wp","href":"https:\/\/api.w.org\/{rel}","templated":true}]}}