{"id":8462,"date":"2025-02-25T15:14:11","date_gmt":"2025-02-25T15:14:11","guid":{"rendered":"https:\/\/eu4dual.education\/?page_id=8462"},"modified":"2025-11-13T12:57:32","modified_gmt":"2025-11-13T12:57:32","slug":"wachsen","status":"publish","type":"page","link":"https:\/\/eu4dual.education\/de\/grow\/","title":{"rendered":"Wachsen"},"content":{"rendered":"<div data-elementor-type=\"page\" data-elementor-id=\"8462\" class=\"elementor elementor-8462\" data-elementor-post-type=\"page\">\n\t\t\t\t<div class=\"elementor-element elementor-element-405e3e0e e-con-full e-flex e-con e-parent\" data-id=\"405e3e0e\" data-element_type=\"container\">\n\t\t<div class=\"elementor-element elementor-element-795bc2b6 e-con-full e-flex e-con e-child\" data-id=\"795bc2b6\" data-element_type=\"container\">\n\t\t<div class=\"elementor-element elementor-element-51f21e57 e-con-full e-flex e-con e-child\" data-id=\"51f21e57\" data-element_type=\"container\">\n\t\t<div class=\"elementor-element elementor-element-7f55947a e-con-full e-flex e-con e-child\" data-id=\"7f55947a\" data-element_type=\"container\">\n\t\t\t\t<div class=\"elementor-element elementor-element-0d4e29e elementor-align-left elementor-widget elementor-widget-breadcrumbs\" data-id=\"0d4e29e\" data-element_type=\"widget\" data-widget_type=\"breadcrumbs.default\">\n\t\t\t\t<div class=\"elementor-widget-container\">\n\t\t\t\t\t<p id=\"breadcrumbs\"><span><span><a href=\"https:\/\/eu4dual.education\/de\/\">Startseite<\/a><\/span><\/span><\/p>\t\t\t\t<\/div>\n\t\t\t\t<\/div>\n\t\t\t\t<div class=\"elementor-element elementor-element-5f581392 elementor-widget__width-initial elementor-widget elementor-widget-heading\" data-id=\"5f581392\" data-element_type=\"widget\" data-widget_type=\"heading.default\">\n\t\t\t\t<div class=\"elementor-widget-container\">\n\t\t\t\t\t<h1 class=\"elementor-heading-title elementor-size-default\">Bauen Sie Ihre Karriere mit uns aus<\/h1>\t\t\t\t<\/div>\n\t\t\t\t<\/div>\n\t\t\t\t<\/div>\n\t\t\t\t<div class=\"elementor-element elementor-element-7db370a7 elementor-widget__width-initial elementor-widget elementor-widget-text-editor\" data-id=\"7db370a7\" data-element_type=\"widget\" data-widget_type=\"text-editor.default\">\n\t\t\t\t<div class=\"elementor-widget-container\">\n\t\t\t\t\t\t\t\t\t<p>Bei EU4Dualunterst\u00fctzen wir Fakult\u00e4tsmitglieder und Universit\u00e4tsmitarbeiter dabei, ihre Karrieren durch Zusammenarbeit, internationale Erfahrung und Kompetenzentwicklung voranzutreiben.<\/p><p>Greifen Sie auf Ressourcen zu, sichern Sie Finanzmittel und erweitern Sie Ihre Wirkung durch interdisziplin\u00e4re Arbeit. Sammeln Sie internationale Erfahrungen, teilen Sie Best Practices und bauen Sie ein globales Netzwerk auf.<\/p><p>Verbessern Sie Ihre F\u00e4higkeiten, innovative Lehrpl\u00e4ne zu entwerfen, evidenzbasierte Praktiken zu st\u00e4rken und sich mit Kollegen zu vernetzen.<\/p>\t\t\t\t\t\t\t\t<\/div>\n\t\t\t\t<\/div>\n\t\t\t\t<\/div>\n\t\t<div class=\"elementor-element elementor-element-3298bcbd e-con-full e-flex e-con e-child\" data-id=\"3298bcbd\" data-element_type=\"container\">\n\t\t<div class=\"elementor-element elementor-element-70b9680 e-con-full e-flex e-con e-child\" data-id=\"70b9680\" data-element_type=\"container\">\n\t\t<div class=\"elementor-element elementor-element-2f5daf7f e-con-full e-flex e-con e-child\" data-id=\"2f5daf7f\" data-element_type=\"container\">\n\t\t\t\t<div class=\"elementor-element elementor-element-1b98e11f elementor-widget elementor-widget-image\" data-id=\"1b98e11f\" data-element_type=\"widget\" data-widget_type=\"image.default\">\n\t\t\t\t<div class=\"elementor-widget-container\">\n\t\t\t\t\t\t\t\t\t\t\t\t\t\t\t<img decoding=\"async\" width=\"64\" height=\"65\" src=\"https:\/\/eu4dual.education\/wp-content\/uploads\/2025\/02\/f0f1575e2c54bbe6acc5d2725c4028d2.png\" class=\"attachment-full size-full wp-image-8291\" alt=\"\" data-no-translation=\"\" \/>\t\t\t\t\t\t\t\t\t\t\t\t\t\t\t<\/div>\n\t\t\t\t<\/div>\n\t\t\t\t<div class=\"elementor-element elementor-element-1bd5df08 elementor-widget__width-initial elementor-widget elementor-widget-heading\" data-id=\"1bd5df08\" data-element_type=\"widget\" data-widget_type=\"heading.default\">\n\t\t\t\t<div class=\"elementor-widget-container\">\n\t\t\t\t\t<h2 class=\"elementor-heading-title elementor-size-default\">Berufliche Weiterbildung<\/h2>\t\t\t\t<\/div>\n\t\t\t\t<\/div>\n\t\t\t\t<\/div>\n\t\t\t\t<div class=\"elementor-element elementor-element-30f8b2f5 elementor-widget__width-initial elementor-widget elementor-widget-text-editor\" data-id=\"30f8b2f5\" data-element_type=\"widget\" data-widget_type=\"text-editor.default\">\n\t\t\t\t<div class=\"elementor-widget-container\">\n\t\t\t\t\t\t\t\t\t<p>Nehmen Sie an Kursen und Workshops in unserem <strong>Mitarbeiterwochen<\/strong>.<\/p><p>Treffen Sie Gleichgesinnte, verfeinern Sie Ihre F\u00e4higkeiten und bleiben Sie \u00fcber Branchentrends auf dem Laufenden.<\/p>\t\t\t\t\t\t\t\t<\/div>\n\t\t\t\t<\/div>\n\t\t<div class=\"elementor-element elementor-element-9d17b0e e-con-full e-flex e-con e-child\" data-id=\"9d17b0e\" data-element_type=\"container\">\n\t\t\t\t<div class=\"elementor-element elementor-element-47e56e3 elementor-tablet-align-justify elementor-widget-tablet__width-inherit elementor-widget elementor-widget-button\" data-id=\"47e56e3\" data-element_type=\"widget\" data-widget_type=\"button.default\">\n\t\t\t\t<div class=\"elementor-widget-container\">\n\t\t\t\t\t\t\t\t\t<div class=\"elementor-button-wrapper\">\n\t\t\t\t\t<a class=\"elementor-button elementor-button-link elementor-size-sm\" href=\"https:\/\/eu4dual.education\/de\/wachsen\/staff-weeks\/\">\n\t\t\t\t\t\t<span class=\"elementor-button-content-wrapper\">\n\t\t\t\t\t\t\t\t\t<span class=\"elementor-button-text\">Mehr \u00fcber unsere Mitarbeitertage<\/span>\n\t\t\t\t\t<\/span>\n\t\t\t\t\t<\/a>\n\t\t\t\t<\/div>\n\t\t\t\t\t\t\t\t<\/div>\n\t\t\t\t<\/div>\n\t\t\t\t<\/div>\n\t\t\t\t<\/div>\n\t\t<div class=\"elementor-element elementor-element-20a1a804 e-con-full e-flex e-con e-child\" data-id=\"20a1a804\" data-element_type=\"container\">\n\t\t<div class=\"elementor-element elementor-element-39eb5e4c e-con-full e-flex e-con e-child\" data-id=\"39eb5e4c\" data-element_type=\"container\">\n\t\t\t\t<div class=\"elementor-element elementor-element-73291a6a elementor-widget elementor-widget-image\" data-id=\"73291a6a\" data-element_type=\"widget\" data-widget_type=\"image.default\">\n\t\t\t\t<div class=\"elementor-widget-container\">\n\t\t\t\t\t\t\t\t\t\t\t\t\t\t\t<img decoding=\"async\" width=\"64\" height=\"65\" src=\"https:\/\/eu4dual.education\/wp-content\/uploads\/2025\/02\/22989e8c090d7fedd6faba10d9248b38.png\" class=\"attachment-full size-full wp-image-8292\" alt=\"\" data-no-translation=\"\" \/>\t\t\t\t\t\t\t\t\t\t\t\t\t\t\t<\/div>\n\t\t\t\t<\/div>\n\t\t\t\t<div class=\"elementor-element elementor-element-75aaabaf elementor-widget__width-initial elementor-widget elementor-widget-heading\" data-id=\"75aaabaf\" data-element_type=\"widget\" data-widget_type=\"heading.default\">\n\t\t\t\t<div class=\"elementor-widget-container\">\n\t\t\t\t\t<h2 class=\"elementor-heading-title elementor-size-default\">Internationale Mobilit\u00e4t<\/h2>\t\t\t\t<\/div>\n\t\t\t\t<\/div>\n\t\t\t\t<\/div>\n\t\t\t\t<div class=\"elementor-element elementor-element-6127f4ee elementor-widget__width-initial elementor-widget elementor-widget-text-editor\" data-id=\"6127f4ee\" data-element_type=\"widget\" data-widget_type=\"text-editor.default\">\n\t\t\t\t<div class=\"elementor-widget-container\">\n\t\t\t\t\t\t\t\t\t<p>Teilnehmen an <strong>Mitarbeitermobilit\u00e4t<\/strong>. Nehmen Sie an Austauschprogrammen, tempor\u00e4ren Eins\u00e4tzen und Kooperationsprojekten im Ausland teil.<\/p><p>Gewinnen Sie neue Perspektiven und tragen Sie zu globalen Initiativen bei.<\/p>\t\t\t\t\t\t\t\t<\/div>\n\t\t\t\t<\/div>\n\t\t<div class=\"elementor-element elementor-element-4aefdd2 e-con-full e-flex e-con e-child\" data-id=\"4aefdd2\" data-element_type=\"container\">\n\t\t\t\t<div class=\"elementor-element elementor-element-2b1363b elementor-tablet-align-justify elementor-widget-tablet__width-inherit elementor-widget elementor-widget-button\" data-id=\"2b1363b\" data-element_type=\"widget\" data-widget_type=\"button.default\">\n\t\t\t\t<div class=\"elementor-widget-container\">\n\t\t\t\t\t\t\t\t\t<div class=\"elementor-button-wrapper\">\n\t\t\t\t\t<a class=\"elementor-button elementor-button-link elementor-size-sm\" href=\"https:\/\/eu4dual.education\/de\/wachsen\/staff-mobility\/\">\n\t\t\t\t\t\t<span class=\"elementor-button-content-wrapper\">\n\t\t\t\t\t\t\t\t\t<span class=\"elementor-button-text\">Mehr \u00fcber Personalmobilit\u00e4t<\/span>\n\t\t\t\t\t<\/span>\n\t\t\t\t\t<\/a>\n\t\t\t\t<\/div>\n\t\t\t\t\t\t\t\t<\/div>\n\t\t\t\t<\/div>\n\t\t\t\t<\/div>\n\t\t\t\t<\/div>\n\t\t<div class=\"elementor-element elementor-element-2c8cb24a e-con-full e-flex e-con e-child\" data-id=\"2c8cb24a\" data-element_type=\"container\">\n\t\t<div class=\"elementor-element elementor-element-655ae7c1 e-con-full e-flex e-con e-child\" data-id=\"655ae7c1\" data-element_type=\"container\">\n\t\t\t\t<div class=\"elementor-element elementor-element-6a1c461a elementor-widget elementor-widget-image\" data-id=\"6a1c461a\" data-element_type=\"widget\" data-widget_type=\"image.default\">\n\t\t\t\t<div class=\"elementor-widget-container\">\n\t\t\t\t\t\t\t\t\t\t\t\t\t\t\t<img decoding=\"async\" width=\"64\" height=\"65\" src=\"https:\/\/eu4dual.education\/wp-content\/uploads\/2025\/02\/73cb8e999763d10cb928e39b3f11e4e5.png\" class=\"attachment-full size-full wp-image-8293\" alt=\"\" data-no-translation=\"\" \/>\t\t\t\t\t\t\t\t\t\t\t\t\t\t\t<\/div>\n\t\t\t\t<\/div>\n\t\t\t\t<div class=\"elementor-element elementor-element-23666674 elementor-widget__width-initial elementor-widget elementor-widget-heading\" data-id=\"23666674\" data-element_type=\"widget\" data-widget_type=\"heading.default\">\n\t\t\t\t<div class=\"elementor-widget-container\">\n\t\t\t\t\t<h2 class=\"elementor-heading-title elementor-size-default\">Vorteile<\/h2>\t\t\t\t<\/div>\n\t\t\t\t<\/div>\n\t\t\t\t<\/div>\n\t\t\t\t<div class=\"elementor-element elementor-element-124de34 elementor-widget__width-initial elementor-widget elementor-widget-text-editor\" data-id=\"124de34\" data-element_type=\"widget\" data-widget_type=\"text-editor.default\">\n\t\t\t\t<div class=\"elementor-widget-container\">\n\t\t\t\t\t\t\t\t\t<p><b>F\u00e4higkeitsentwicklung<\/b>: Greifen Sie auf Kurse zu, um neue F\u00e4higkeiten zu erlernen oder bestehende zu verbessern.<\/p><p><b>Netzwerken<\/b>Vernetze dich mit Fachleuten weltweit.<\/p><p><b>Globale Erfahrung<\/b>Arbeiten Sie in vielf\u00e4ltigen Umgebungen und passen Sie sich an verschiedene Kulturen an.<\/p>\t\t\t\t\t\t\t\t<\/div>\n\t\t\t\t<\/div>\n\t\t\t\t<\/div>\n\t\t\t\t<\/div>\n\t\t\t\t<\/div>\n\t\t\t\t<\/div>\n\t\t<div class=\"elementor-element elementor-element-2c91ed8e e-con-full e-flex e-con e-parent\" data-id=\"2c91ed8e\" data-element_type=\"container\">\n\t\t\t\t<div class=\"elementor-element elementor-element-5fafe2e9 elementor-widget-tablet__width-inherit elementor-widget__width-inherit elementor-widget elementor-widget-image\" data-id=\"5fafe2e9\" data-element_type=\"widget\" data-widget_type=\"image.default\">\n\t\t\t\t<div class=\"elementor-widget-container\">\n\t\t\t\t\t\t\t\t\t\t\t\t\t\t\t<img loading=\"lazy\" decoding=\"async\" width=\"1440\" height=\"85\" src=\"https:\/\/eu4dual.education\/wp-content\/uploads\/2025\/02\/17a55c710c9d49c936f1844efb1e7a16.svg\" class=\"attachment-full size-full wp-image-8294\" alt=\"\" data-no-translation=\"\" \/>\t\t\t\t\t\t\t\t\t\t\t\t\t\t\t<\/div>\n\t\t\t\t<\/div>\n\t\t<div class=\"elementor-element elementor-element-253ddf10 e-con-full e-flex e-con e-child\" data-id=\"253ddf10\" data-element_type=\"container\" data-settings=\"{&quot;background_background&quot;:&quot;classic&quot;}\">\n\t\t\t\t<div class=\"elementor-element elementor-element-6ec8c69f elementor-widget__width-initial elementor-widget elementor-widget-text-editor\" data-id=\"6ec8c69f\" data-element_type=\"widget\" data-widget_type=\"text-editor.default\">\n\t\t\t\t<div class=\"elementor-widget-container\">\n\t\t\t\t\t\t\t\t\t<p>Bauen Sie Ihre Karriere mit EU4Dual aus und hinterlassen Sie einen bleibenden Eindruck!<\/p>\t\t\t\t\t\t\t\t<\/div>\n\t\t\t\t<\/div>\n\t\t\t\t<\/div>\n\t\t\t\t<\/div>\n\t\t\t\t<\/div>","protected":false},"excerpt":{"rendered":"<p>Grow your career with us At EU4Dual, we support faculty and university staff in advancing their careers through collaboration, international experience, and skill development. Access resources, secure funding, and expand your impact through interdisciplinary work. Gain international experience, share best practices, and build a global network. Enhance your skills to design innovative curricula, strengthen evidence-based [&hellip;]<\/p>\n","protected":false},"author":26,"featured_media":0,"parent":0,"menu_order":0,"comment_status":"closed","ping_status":"closed","template":"elementor_header_footer","meta":{"footnotes":""},"best-practices":[],"class_list":["post-8462","page","type-page","status-publish","hentry"],"yoast_head":"<!-- This site is optimized with the Yoast SEO plugin v25.2 - https:\/\/yoast.com\/wordpress\/plugins\/seo\/ -->\n<title>Grow - EU4Dual<\/title>\n<meta name=\"robots\" content=\"index, follow, max-snippet:-1, max-image-preview:large, max-video-preview:-1\" \/>\n<link rel=\"canonical\" href=\"https:\/\/eu4dual.education\/de\/wachsen\/\" \/>\n<meta property=\"og:locale\" content=\"de_DE\" \/>\n<meta property=\"og:type\" content=\"article\" \/>\n<meta property=\"og:title\" content=\"Grow - EU4Dual\" \/>\n<meta property=\"og:description\" content=\"Grow your career with us At EU4Dual, we support faculty and university staff in advancing their careers through collaboration, international experience, and skill development. Access resources, secure funding, and expand your impact through interdisciplinary work. Gain international experience, share best practices, and build a global network. Enhance your skills to design innovative curricula, strengthen evidence-based [&hellip;]\" \/>\n<meta property=\"og:url\" content=\"https:\/\/eu4dual.education\/de\/wachsen\/\" \/>\n<meta property=\"og:site_name\" content=\"EU4Dual\" \/>\n<meta property=\"article:publisher\" content=\"https:\/\/www.facebook.com\/knowledgeinno\/\" \/>\n<meta property=\"article:modified_time\" content=\"2025-11-13T12:57:32+00:00\" \/>\n<meta property=\"og:image\" content=\"https:\/\/eu4dual.education\/wp-content\/uploads\/2025\/02\/f0f1575e2c54bbe6acc5d2725c4028d2.png\" \/>\n\t<meta property=\"og:image:width\" content=\"64\" \/>\n\t<meta property=\"og:image:height\" content=\"65\" \/>\n\t<meta property=\"og:image:type\" content=\"image\/png\" \/>\n<meta name=\"twitter:card\" content=\"summary_large_image\" \/>\n<meta name=\"twitter:site\" content=\"@kiceurope\" \/>\n<script type=\"application\/ld+json\" class=\"yoast-schema-graph\">{\"@context\":\"https:\/\/schema.org\",\"@graph\":[{\"@type\":\"WebPage\",\"@id\":\"https:\/\/eu4dual.education\/grow\/\",\"url\":\"https:\/\/eu4dual.education\/grow\/\",\"name\":\"Grow - EU4Dual\",\"isPartOf\":{\"@id\":\"https:\/\/eu4dual.education\/#website\"},\"primaryImageOfPage\":{\"@id\":\"https:\/\/eu4dual.education\/grow\/#primaryimage\"},\"image\":{\"@id\":\"https:\/\/eu4dual.education\/grow\/#primaryimage\"},\"thumbnailUrl\":\"https:\/\/eu4dual.education\/wp-content\/uploads\/2025\/02\/f0f1575e2c54bbe6acc5d2725c4028d2.png\",\"datePublished\":\"2025-02-25T15:14:11+00:00\",\"dateModified\":\"2025-11-13T12:57:32+00:00\",\"breadcrumb\":{\"@id\":\"https:\/\/eu4dual.education\/grow\/#breadcrumb\"},\"inLanguage\":\"de\",\"potentialAction\":[{\"@type\":\"ReadAction\",\"target\":[\"https:\/\/eu4dual.education\/grow\/\"]}]},{\"@type\":\"ImageObject\",\"inLanguage\":\"de\",\"@id\":\"https:\/\/eu4dual.education\/grow\/#primaryimage\",\"url\":\"https:\/\/eu4dual.education\/wp-content\/uploads\/2025\/02\/f0f1575e2c54bbe6acc5d2725c4028d2.png\",\"contentUrl\":\"https:\/\/eu4dual.education\/wp-content\/uploads\/2025\/02\/f0f1575e2c54bbe6acc5d2725c4028d2.png\"},{\"@type\":\"BreadcrumbList\",\"@id\":\"https:\/\/eu4dual.education\/grow\/#breadcrumb\",\"itemListElement\":[{\"@type\":\"ListItem\",\"position\":1,\"name\":\"Home\",\"item\":\"https:\/\/eu4dual.education\/\"},{\"@type\":\"ListItem\",\"position\":2,\"name\":\"Grow\"}]},{\"@type\":\"WebSite\",\"@id\":\"https:\/\/eu4dual.education\/#website\",\"url\":\"https:\/\/eu4dual.education\/\",\"name\":\"EU4Dual\",\"description\":\"The European Dual Studies University\",\"publisher\":{\"@id\":\"https:\/\/eu4dual.education\/#organization\"},\"potentialAction\":[{\"@type\":\"SearchAction\",\"target\":{\"@type\":\"EntryPoint\",\"urlTemplate\":\"https:\/\/eu4dual.education\/?s={search_term_string}\"},\"query-input\":{\"@type\":\"PropertyValueSpecification\",\"valueRequired\":true,\"valueName\":\"search_term_string\"}}],\"inLanguage\":\"de\"},{\"@type\":\"Organization\",\"@id\":\"https:\/\/eu4dual.education\/#organization\",\"name\":\"EU4Dual\",\"url\":\"https:\/\/eu4dual.education\/\",\"logo\":{\"@type\":\"ImageObject\",\"inLanguage\":\"de\",\"@id\":\"https:\/\/eu4dual.education\/#\/schema\/logo\/image\/\",\"url\":\"https:\/\/eu4dual.education\/wp-content\/uploads\/2023\/08\/cropped-EU4Dual_Logo.png\",\"contentUrl\":\"https:\/\/eu4dual.education\/wp-content\/uploads\/2023\/08\/cropped-EU4Dual_Logo.png\",\"width\":352,\"height\":232,\"caption\":\"EU4Dual\"},\"image\":{\"@id\":\"https:\/\/eu4dual.education\/#\/schema\/logo\/image\/\"},\"sameAs\":[\"https:\/\/www.facebook.com\/knowledgeinno\/\",\"https:\/\/x.com\/kiceurope\"]}]}<\/script>\n<!-- \/ Yoast SEO plugin. -->","yoast_head_json":{"title":"Wachsen - EU4Dual","robots":{"index":"index","follow":"follow","max-snippet":"max-snippet:-1","max-image-preview":"max-image-preview:large","max-video-preview":"max-video-preview:-1"},"canonical":"https:\/\/eu4dual.education\/de\/wachsen\/","og_locale":"de_DE","og_type":"article","og_title":"Grow - EU4Dual","og_description":"Grow your career with us At EU4Dual, we support faculty and university staff in advancing their careers through collaboration, international experience, and skill development. Access resources, secure funding, and expand your impact through interdisciplinary work. Gain international experience, share best practices, and build a global network. Enhance your skills to design innovative curricula, strengthen evidence-based [&hellip;]","og_url":"https:\/\/eu4dual.education\/de\/wachsen\/","og_site_name":"EU4Dual","article_publisher":"https:\/\/www.facebook.com\/knowledgeinno\/","article_modified_time":"2025-11-13T12:57:32+00:00","og_image":[{"width":64,"height":65,"url":"https:\/\/eu4dual.education\/wp-content\/uploads\/2025\/02\/f0f1575e2c54bbe6acc5d2725c4028d2.png","type":"image\/png"}],"twitter_card":"summary_large_image","twitter_site":"@kiceurope","schema":{"@context":"https:\/\/schema.org","@graph":[{"@type":"WebPage","@id":"https:\/\/eu4dual.education\/grow\/","url":"https:\/\/eu4dual.education\/grow\/","name":"Wachsen - EU4Dual","isPartOf":{"@id":"https:\/\/eu4dual.education\/#website"},"primaryImageOfPage":{"@id":"https:\/\/eu4dual.education\/grow\/#primaryimage"},"image":{"@id":"https:\/\/eu4dual.education\/grow\/#primaryimage"},"thumbnailUrl":"https:\/\/eu4dual.education\/wp-content\/uploads\/2025\/02\/f0f1575e2c54bbe6acc5d2725c4028d2.png","datePublished":"2025-02-25T15:14:11+00:00","dateModified":"2025-11-13T12:57:32+00:00","breadcrumb":{"@id":"https:\/\/eu4dual.education\/grow\/#breadcrumb"},"inLanguage":"de","potentialAction":[{"@type":"ReadAction","target":["https:\/\/eu4dual.education\/grow\/"]}]},{"@type":"ImageObject","inLanguage":"de","@id":"https:\/\/eu4dual.education\/grow\/#primaryimage","url":"https:\/\/eu4dual.education\/wp-content\/uploads\/2025\/02\/f0f1575e2c54bbe6acc5d2725c4028d2.png","contentUrl":"https:\/\/eu4dual.education\/wp-content\/uploads\/2025\/02\/f0f1575e2c54bbe6acc5d2725c4028d2.png"},{"@type":"BreadcrumbList","@id":"https:\/\/eu4dual.education\/grow\/#breadcrumb","itemListElement":[{"@type":"ListItem","position":1,"name":"Home","item":"https:\/\/eu4dual.education\/"},{"@type":"ListItem","position":2,"name":"Grow"}]},{"@type":"WebSite","@id":"https:\/\/eu4dual.education\/#website","url":"https:\/\/eu4dual.education\/","name":"EU4Dual","description":"Die Europ\u00e4ische Duale Hochschule","publisher":{"@id":"https:\/\/eu4dual.education\/#organization"},"potentialAction":[{"@type":"SearchAction","target":{"@type":"EntryPoint","urlTemplate":"https:\/\/eu4dual.education\/?s={search_term_string}"},"query-input":{"@type":"PropertyValueSpecification","valueRequired":true,"valueName":"search_term_string"}}],"inLanguage":"de"},{"@type":"Organization","@id":"https:\/\/eu4dual.education\/#organization","name":"EU4Dual","url":"https:\/\/eu4dual.education\/","logo":{"@type":"ImageObject","inLanguage":"de","@id":"https:\/\/eu4dual.education\/#\/schema\/logo\/image\/","url":"https:\/\/eu4dual.education\/wp-content\/uploads\/2023\/08\/cropped-EU4Dual_Logo.png","contentUrl":"https:\/\/eu4dual.education\/wp-content\/uploads\/2023\/08\/cropped-EU4Dual_Logo.png","width":352,"height":232,"caption":"EU4Dual"},"image":{"@id":"https:\/\/eu4dual.education\/#\/schema\/logo\/image\/"},"sameAs":["https:\/\/www.facebook.com\/knowledgeinno\/","https:\/\/x.com\/kiceurope"]}]}},"meta_box":[],"_links":{"self":[{"href":"https:\/\/eu4dual.education\/de\/wp-json\/wp\/v2\/pages\/8462","targetHints":{"allow":["GET"]}}],"collection":[{"href":"https:\/\/eu4dual.education\/de\/wp-json\/wp\/v2\/pages"}],"about":[{"href":"https:\/\/eu4dual.education\/de\/wp-json\/wp\/v2\/types\/page"}],"author":[{"embeddable":true,"href":"https:\/\/eu4dual.education\/de\/wp-json\/wp\/v2\/users\/26"}],"replies":[{"embeddable":true,"href":"https:\/\/eu4dual.education\/de\/wp-json\/wp\/v2\/comments?post=8462"}],"version-history":[{"count":35,"href":"https:\/\/eu4dual.education\/de\/wp-json\/wp\/v2\/pages\/8462\/revisions"}],"predecessor-version":[{"id":13361,"href":"https:\/\/eu4dual.education\/de\/wp-json\/wp\/v2\/pages\/8462\/revisions\/13361"}],"wp:attachment":[{"href":"https:\/\/eu4dual.education\/de\/wp-json\/wp\/v2\/media?parent=8462"}],"wp:term":[{"taxonomy":"best-practices","embeddable":true,"href":"https:\/\/eu4dual.education\/de\/wp-json\/wp\/v2\/best-practices?post=8462"}],"curies":[{"name":"wp","href":"https:\/\/api.w.org\/{rel}","templated":true}]}}